{"id":9609,"date":"2025-02-13T13:27:40","date_gmt":"2025-02-13T13:27:40","guid":{"rendered":"http:\/\/www.assosmetal.com.tr\/public_html\/?post_type=product&#038;p=9609"},"modified":"2025-02-13T13:27:40","modified_gmt":"2025-02-13T13:27:40","slug":"merter-akilli-kilit-k1-sifreli-kart-okuyucu","status":"publish","type":"product","link":"http:\/\/www.assosmetal.com.tr\/public_html\/urun\/merter-akilli-kilit-k1-sifreli-kart-okuyucu\/","title":{"rendered":"Merter Ak\u0131ll\u0131 Kilit K1 \u015eifreli Kart Okuyucu"},"content":{"rendered":"<p><strong>G\u00fc\u00e7l\u00fc metal g\u00f6vde<\/strong><br \/>\n<strong>1000 kullan\u0131c\u0131 \u015fifre kart kapatisi<\/strong><br \/>\n<strong>Y\u00f6netici \u015fifresi ile kullan\u0131c\u0131 ekleme ve silme<\/strong><br \/>\n<strong>Ayd\u0131nlatmal\u0131 tu\u015f paneli<\/strong><br \/>\n<strong>12V-24 V DC \u00c7al\u0131\u015fma voltaj\u0131<\/strong><br \/>\n<strong>Boyutlar: 120*76*25*mm<\/strong><\/p>\n","protected":false},"excerpt":{"rendered":"<p>G\u00fc\u00e7l\u00fc metal g\u00f6vde 1000 kullan\u0131c\u0131 \u015fifre kart kapatisi Y\u00f6netici \u015fifresi ile kullan\u0131c\u0131 ekleme ve silme Ayd\u0131nlatmal\u0131 tu\u015f paneli 12V-24 V DC \u00c7al\u0131\u015fma voltaj\u0131 Boyutlar: 120*76*25*mm<\/p>\n","protected":false},"featured_media":9595,"comment_status":"open","ping_status":"closed","template":"","meta":[],"product_brand":[71],"product_cat":[70],"product_tag":[],"class_list":{"0":"post-9609","1":"product","2":"type-product","3":"status-publish","4":"has-post-thumbnail","6":"product_brand-merter-akilli-kilit","7":"product_cat-merter-akilli-kilit","9":"first","10":"instock","11":"shipping-taxable","12":"product-type-simple"},"jetpack_sharing_enabled":true,"_links":{"self":[{"href":"http:\/\/www.assosmetal.com.tr\/public_html\/wp-json\/wp\/v2\/product\/9609","targetHints":{"allow":["GET"]}}],"collection":[{"href":"http:\/\/www.assosmetal.com.tr\/public_html\/wp-json\/wp\/v2\/product"}],"about":[{"href":"http:\/\/www.assosmetal.com.tr\/public_html\/wp-json\/wp\/v2\/types\/product"}],"replies":[{"embeddable":true,"href":"http:\/\/www.assosmetal.com.tr\/public_html\/wp-json\/wp\/v2\/comments?post=9609"}],"version-history":[{"count":1,"href":"http:\/\/www.assosmetal.com.tr\/public_html\/wp-json\/wp\/v2\/product\/9609\/revisions"}],"predecessor-version":[{"id":9610,"href":"http:\/\/www.assosmetal.com.tr\/public_html\/wp-json\/wp\/v2\/product\/9609\/revisions\/9610"}],"wp:featuredmedia":[{"embeddable":true,"href":"http:\/\/www.assosmetal.com.tr\/public_html\/wp-json\/wp\/v2\/media\/9595"}],"wp:attachment":[{"href":"http:\/\/www.assosmetal.com.tr\/public_html\/wp-json\/wp\/v2\/media?parent=9609"}],"wp:term":[{"taxonomy":"product_brand","embeddable":true,"href":"http:\/\/www.assosmetal.com.tr\/public_html\/wp-json\/wp\/v2\/product_brand?post=9609"},{"taxonomy":"product_cat","embeddable":true,"href":"http:\/\/www.assosmetal.com.tr\/public_html\/wp-json\/wp\/v2\/product_cat?post=9609"},{"taxonomy":"product_tag","embeddable":true,"href":"http:\/\/www.assosmetal.com.tr\/public_html\/wp-json\/wp\/v2\/product_tag?post=9609"}],"curies":[{"name":"wp","href":"https:\/\/api.w.org\/{rel}","templated":true}]}}