{"id":9615,"date":"2025-02-13T13:31:49","date_gmt":"2025-02-13T13:31:49","guid":{"rendered":"http:\/\/www.assosmetal.com.tr\/public_html\/?post_type=product&#038;p=9615"},"modified":"2025-02-13T13:31:49","modified_gmt":"2025-02-13T13:31:49","slug":"merter-akilli-kilit-kart-okuyuculu-mak3g-set","status":"publish","type":"product","link":"http:\/\/www.assosmetal.com.tr\/public_html\/urun\/merter-akilli-kilit-kart-okuyuculu-mak3g-set\/","title":{"rendered":"Merter Ak\u0131ll\u0131 Kilit Kart Okuyuculu Mak3G Set"},"content":{"rendered":"<p>Proximity kart okuyuculu ak\u0131ll\u0131 apartman kilidi.<br \/>\nSessiz a\u00e7\u0131l\u0131p kapanma.<br \/>\nKap\u0131 a\u00e7\u0131lmaz ise 10sn. bekleme otomatik kilitleme<br \/>\n1000 adet kart kullan\u0131c\u0131 haf\u0131zas\u0131<br \/>\nH\u0131zl\u0131 kullan\u0131c\u0131 ekleme kart\u0131 (master kart)<br \/>\n\u00c7ift y\u00f6nl\u00fc kart okuyucu<br \/>\nD\u0131\u015far\u0131dan Manuel Anahtar ile kap\u0131y\u0131 a\u00e7ma<br \/>\nElektrik kesintileri i\u00e7in ak\u00fcl\u00fc g\u00fc\u00e7 kayna\u011f\u0131<br \/>\nUzaktan kumanda ile kap\u0131 a\u00e7ma (opsiyonel)<\/p>\n","protected":false},"excerpt":{"rendered":"<p>Proximity kart okuyuculu ak\u0131ll\u0131 apartman kilidi. Sessiz a\u00e7\u0131l\u0131p kapanma. Kap\u0131 a\u00e7\u0131lmaz ise 10sn. bekleme otomatik kilitleme 1000 adet kart kullan\u0131c\u0131 haf\u0131zas\u0131 H\u0131zl\u0131 kullan\u0131c\u0131 ekleme kart\u0131 (master kart) \u00c7ift y\u00f6nl\u00fc kart okuyucu D\u0131\u015far\u0131dan Manuel Anahtar ile kap\u0131y\u0131 a\u00e7ma Elektrik kesintileri i\u00e7in ak\u00fcl\u00fc g\u00fc\u00e7 kayna\u011f\u0131 Uzaktan kumanda ile kap\u0131 a\u00e7ma (opsiyonel)<\/p>\n","protected":false},"featured_media":9598,"comment_status":"open","ping_status":"closed","template":"","meta":[],"product_brand":[71],"product_cat":[70],"product_tag":[],"class_list":{"0":"post-9615","1":"product","2":"type-product","3":"status-publish","4":"has-post-thumbnail","6":"product_brand-merter-akilli-kilit","7":"product_cat-merter-akilli-kilit","9":"first","10":"instock","11":"shipping-taxable","12":"product-type-simple"},"jetpack_sharing_enabled":true,"_links":{"self":[{"href":"http:\/\/www.assosmetal.com.tr\/public_html\/wp-json\/wp\/v2\/product\/9615","targetHints":{"allow":["GET"]}}],"collection":[{"href":"http:\/\/www.assosmetal.com.tr\/public_html\/wp-json\/wp\/v2\/product"}],"about":[{"href":"http:\/\/www.assosmetal.com.tr\/public_html\/wp-json\/wp\/v2\/types\/product"}],"replies":[{"embeddable":true,"href":"http:\/\/www.assosmetal.com.tr\/public_html\/wp-json\/wp\/v2\/comments?post=9615"}],"version-history":[{"count":1,"href":"http:\/\/www.assosmetal.com.tr\/public_html\/wp-json\/wp\/v2\/product\/9615\/revisions"}],"predecessor-version":[{"id":9616,"href":"http:\/\/www.assosmetal.com.tr\/public_html\/wp-json\/wp\/v2\/product\/9615\/revisions\/9616"}],"wp:featuredmedia":[{"embeddable":true,"href":"http:\/\/www.assosmetal.com.tr\/public_html\/wp-json\/wp\/v2\/media\/9598"}],"wp:attachment":[{"href":"http:\/\/www.assosmetal.com.tr\/public_html\/wp-json\/wp\/v2\/media?parent=9615"}],"wp:term":[{"taxonomy":"product_brand","embeddable":true,"href":"http:\/\/www.assosmetal.com.tr\/public_html\/wp-json\/wp\/v2\/product_brand?post=9615"},{"taxonomy":"product_cat","embeddable":true,"href":"http:\/\/www.assosmetal.com.tr\/public_html\/wp-json\/wp\/v2\/product_cat?post=9615"},{"taxonomy":"product_tag","embeddable":true,"href":"http:\/\/www.assosmetal.com.tr\/public_html\/wp-json\/wp\/v2\/product_tag?post=9615"}],"curies":[{"name":"wp","href":"https:\/\/api.w.org\/{rel}","templated":true}]}}