{"id":9627,"date":"2025-02-13T13:41:29","date_gmt":"2025-02-13T13:41:29","guid":{"rendered":"http:\/\/www.assosmetal.com.tr\/public_html\/?post_type=product&#038;p=9627"},"modified":"2025-02-13T13:41:29","modified_gmt":"2025-02-13T13:41:29","slug":"merter-akilli-kilit-s5-harici-proximity-kart-okuyucu","status":"publish","type":"product","link":"http:\/\/www.assosmetal.com.tr\/public_html\/urun\/merter-akilli-kilit-s5-harici-proximity-kart-okuyucu\/","title":{"rendered":"Merter Ak\u0131ll\u0131 Kilit S5 Harici Proximity Kart Okuyucu"},"content":{"rendered":"<p><strong>Harici tip su ge\u00e7irmez d\u0131\u015f mekan uyumlu kart okuyucu<\/strong><br \/>\n<strong>G\u00fc\u00e7l\u00fc Metal G\u00f6vde<\/strong><br \/>\n<strong>2000 kullan\u0131c\u0131 kapasitesi<\/strong><br \/>\n<strong>H\u0131zl\u0131 kullan\u0131c\u0131 ekleme y\u00f6netici kart\u0131 (ADD KART)<\/strong><br \/>\n<strong>Y\u00f6netici kumandas\u0131 ile anahtar<\/strong><br \/>\n<strong>ID numaras\u0131ndan kullan\u0131c\u0131 ekleme ve silme<\/strong><br \/>\n<strong>12-24V DC \u00c7al\u0131\u015fma voltaj\u0131<\/strong><br \/>\n<strong>Boyutlar: 103*48*19mm<\/strong><\/p>\n","protected":false},"excerpt":{"rendered":"<p>Harici tip su ge\u00e7irmez d\u0131\u015f mekan uyumlu kart okuyucu G\u00fc\u00e7l\u00fc Metal G\u00f6vde 2000 kullan\u0131c\u0131 kapasitesi H\u0131zl\u0131 kullan\u0131c\u0131 ekleme y\u00f6netici kart\u0131 (ADD KART) Y\u00f6netici kumandas\u0131 ile anahtar ID numaras\u0131ndan kullan\u0131c\u0131 ekleme ve silme 12-24V DC \u00c7al\u0131\u015fma voltaj\u0131 Boyutlar: 103*48*19mm<\/p>\n","protected":false},"featured_media":9604,"comment_status":"open","ping_status":"closed","template":"","meta":[],"product_brand":[71],"product_cat":[70],"product_tag":[],"class_list":{"0":"post-9627","1":"product","2":"type-product","3":"status-publish","4":"has-post-thumbnail","6":"product_brand-merter-akilli-kilit","7":"product_cat-merter-akilli-kilit","9":"first","10":"instock","11":"shipping-taxable","12":"product-type-simple"},"jetpack_sharing_enabled":true,"_links":{"self":[{"href":"http:\/\/www.assosmetal.com.tr\/public_html\/wp-json\/wp\/v2\/product\/9627","targetHints":{"allow":["GET"]}}],"collection":[{"href":"http:\/\/www.assosmetal.com.tr\/public_html\/wp-json\/wp\/v2\/product"}],"about":[{"href":"http:\/\/www.assosmetal.com.tr\/public_html\/wp-json\/wp\/v2\/types\/product"}],"replies":[{"embeddable":true,"href":"http:\/\/www.assosmetal.com.tr\/public_html\/wp-json\/wp\/v2\/comments?post=9627"}],"version-history":[{"count":1,"href":"http:\/\/www.assosmetal.com.tr\/public_html\/wp-json\/wp\/v2\/product\/9627\/revisions"}],"predecessor-version":[{"id":9628,"href":"http:\/\/www.assosmetal.com.tr\/public_html\/wp-json\/wp\/v2\/product\/9627\/revisions\/9628"}],"wp:featuredmedia":[{"embeddable":true,"href":"http:\/\/www.assosmetal.com.tr\/public_html\/wp-json\/wp\/v2\/media\/9604"}],"wp:attachment":[{"href":"http:\/\/www.assosmetal.com.tr\/public_html\/wp-json\/wp\/v2\/media?parent=9627"}],"wp:term":[{"taxonomy":"product_brand","embeddable":true,"href":"http:\/\/www.assosmetal.com.tr\/public_html\/wp-json\/wp\/v2\/product_brand?post=9627"},{"taxonomy":"product_cat","embeddable":true,"href":"http:\/\/www.assosmetal.com.tr\/public_html\/wp-json\/wp\/v2\/product_cat?post=9627"},{"taxonomy":"product_tag","embeddable":true,"href":"http:\/\/www.assosmetal.com.tr\/public_html\/wp-json\/wp\/v2\/product_tag?post=9627"}],"curies":[{"name":"wp","href":"https:\/\/api.w.org\/{rel}","templated":true}]}}