{"id":9654,"date":"2025-02-13T16:13:07","date_gmt":"2025-02-13T16:13:07","guid":{"rendered":"http:\/\/www.assosmetal.com.tr\/public_html\/?post_type=product&#038;p=9654"},"modified":"2025-02-13T16:13:07","modified_gmt":"2025-02-13T16:13:07","slug":"tytan-professional-b1-atese-dayanikli-pu-kopuk","status":"publish","type":"product","link":"http:\/\/www.assosmetal.com.tr\/public_html\/urun\/tytan-professional-b1-atese-dayanikli-pu-kopuk\/","title":{"rendered":"Tytan Professional B1 Ate\u015fe Dayan\u0131kl\u0131 PU K\u00f6p\u00fck"},"content":{"rendered":"<p><strong>Teknolojik olarak geli\u015fmi\u015f tabancal\u0131 poli\u00fcretan k\u00f6p\u00fck, yava\u015f yan\u0131c\u0131 ve yanmay\u0131 geciktirici<\/strong><br \/>\n<strong>olarak s\u0131n\u0131fland\u0131r\u0131lm\u0131\u015ft\u0131r.<\/strong><br \/>\n<strong>B1 PU tabancal\u0131 k\u00f6p\u00fck dumana kar\u015f\u0131 s\u0131zd\u0131rmazl\u0131k sa\u011flad\u0131\u011f\u0131 gibi<\/strong><br \/>\n<strong>yang\u0131n durumunda ate\u015f par\u00e7alar\u0131n\u0131n damlamas\u0131n\u0131 engelleyerek ate\u015fin kendili\u011finden<\/strong><br \/>\n<strong>s\u00f6nmesini sa\u011flar.<\/strong><br \/>\n<strong>\u00dcr\u00fcn uygulama s\u0131ras\u0131nda MDI yaymaz ve yap\u0131 malzemeleri i\u00e7in M1 emisyon<\/strong><br \/>\n<strong>s\u0131n\u0131f\u0131na sahiptir\u2013 \u00fcr\u00fcn bir kez k\u00fcrle\u015fti\u011finde herhangi \u015f\u00fcpheli bir madde yaymaz.<\/strong><\/p>\n<p>&nbsp;<\/p>\n<p><strong>UYGULAMALAR:<\/strong><\/p>\n<p><strong>Lineer bo\u015fluklar\u0131n doldurma<\/strong><br \/>\n<strong>Deliklerin etraf\u0131ndaki bo\u015fluklar\u0131 doldurma<\/strong><\/p>\n<p><strong>AVANTAJLARI:<\/strong><\/p>\n<p><strong>Yang\u0131n dayan\u0131kl\u0131l\u0131k s\u0131n\u0131f\u0131 EI 240 EN 13501-2:2008, B1<\/strong><br \/>\n<strong>DIN4102<\/strong><br \/>\n<strong>ETA \u2013 Avrupa teknik de\u011ferlendirmesi<\/strong><br \/>\n<strong>M1 emisyon s\u0131n\u0131f\u0131<\/strong><br \/>\n<strong>O2 0% MDI emisyon<\/strong><br \/>\n<strong>Kendinden s\u00f6nd\u00fcrme<\/strong><br \/>\n<strong>\u00c7o\u011fu yap\u0131 malzemesine m\u00fckemmel yap\u0131\u015fma<\/strong><\/p>\n<ul>\n<li>Kesme s\u00fcresi: \u2264 60 dk<\/li>\n<li>Tam k\u00fcrlenme s\u00fcresi: 24 sa<\/li>\n<li>Hacim: 42 l<\/li>\n<li>Uygulama s\u0131cakl\u0131\u011f\u0131: +10\u00b0C ile +30\u00b0C aras\u0131nda<\/li>\n<li>Teneke s\u0131cakl\u0131\u011f\u0131: +10\u00b0C ile +30\u00b0C aras\u0131nda<\/li>\n<li>Genle\u015fme: %120<\/li>\n<li>Raf \u00f6mr\u00fc: 12 ay<\/li>\n<\/ul>\n","protected":false},"excerpt":{"rendered":"<p>Teknolojik olarak geli\u015fmi\u015f tabancal\u0131 poli\u00fcretan k\u00f6p\u00fck, yava\u015f yan\u0131c\u0131 ve yanmay\u0131 geciktirici olarak s\u0131n\u0131fland\u0131r\u0131lm\u0131\u015ft\u0131r. B1 PU tabancal\u0131 k\u00f6p\u00fck dumana kar\u015f\u0131 s\u0131zd\u0131rmazl\u0131k sa\u011flad\u0131\u011f\u0131 gibi yang\u0131n durumunda ate\u015f par\u00e7alar\u0131n\u0131n damlamas\u0131n\u0131 engelleyerek ate\u015fin kendili\u011finden s\u00f6nmesini sa\u011flar. \u00dcr\u00fcn uygulama s\u0131ras\u0131nda MDI yaymaz ve yap\u0131 malzemeleri i\u00e7in M1 emisyon s\u0131n\u0131f\u0131na sahiptir\u2013 \u00fcr\u00fcn bir kez k\u00fcrle\u015fti\u011finde herhangi \u015f\u00fcpheli bir madde yaymaz. &nbsp; [&hellip;]<\/p>\n","protected":false},"featured_media":9642,"comment_status":"open","ping_status":"closed","template":"","meta":[],"product_brand":[42],"product_cat":[72],"product_tag":[],"class_list":{"0":"post-9654","1":"product","2":"type-product","3":"status-publish","4":"has-post-thumbnail","6":"product_brand-tytan","7":"product_cat-montaj-dolgu-kopukleri","9":"first","10":"instock","11":"shipping-taxable","12":"product-type-simple"},"jetpack_sharing_enabled":true,"_links":{"self":[{"href":"http:\/\/www.assosmetal.com.tr\/public_html\/wp-json\/wp\/v2\/product\/9654","targetHints":{"allow":["GET"]}}],"collection":[{"href":"http:\/\/www.assosmetal.com.tr\/public_html\/wp-json\/wp\/v2\/product"}],"about":[{"href":"http:\/\/www.assosmetal.com.tr\/public_html\/wp-json\/wp\/v2\/types\/product"}],"replies":[{"embeddable":true,"href":"http:\/\/www.assosmetal.com.tr\/public_html\/wp-json\/wp\/v2\/comments?post=9654"}],"version-history":[{"count":1,"href":"http:\/\/www.assosmetal.com.tr\/public_html\/wp-json\/wp\/v2\/product\/9654\/revisions"}],"predecessor-version":[{"id":9655,"href":"http:\/\/www.assosmetal.com.tr\/public_html\/wp-json\/wp\/v2\/product\/9654\/revisions\/9655"}],"wp:featuredmedia":[{"embeddable":true,"href":"http:\/\/www.assosmetal.com.tr\/public_html\/wp-json\/wp\/v2\/media\/9642"}],"wp:attachment":[{"href":"http:\/\/www.assosmetal.com.tr\/public_html\/wp-json\/wp\/v2\/media?parent=9654"}],"wp:term":[{"taxonomy":"product_brand","embeddable":true,"href":"http:\/\/www.assosmetal.com.tr\/public_html\/wp-json\/wp\/v2\/product_brand?post=9654"},{"taxonomy":"product_cat","embeddable":true,"href":"http:\/\/www.assosmetal.com.tr\/public_html\/wp-json\/wp\/v2\/product_cat?post=9654"},{"taxonomy":"product_tag","embeddable":true,"href":"http:\/\/www.assosmetal.com.tr\/public_html\/wp-json\/wp\/v2\/product_tag?post=9654"}],"curies":[{"name":"wp","href":"https:\/\/api.w.org\/{rel}","templated":true}]}}