{"id":9658,"date":"2025-02-13T16:16:45","date_gmt":"2025-02-13T16:16:45","guid":{"rendered":"http:\/\/www.assosmetal.com.tr\/public_html\/?post_type=product&#038;p=9658"},"modified":"2025-02-13T16:16:45","modified_gmt":"2025-02-13T16:16:45","slug":"tytan-professional-polyfix-600-pu-dolgu-kopugu","status":"publish","type":"product","link":"http:\/\/www.assosmetal.com.tr\/public_html\/urun\/tytan-professional-polyfix-600-pu-dolgu-kopugu\/","title":{"rendered":"Tytan Professional Polyfix 600 PU Dolgu K\u00f6p\u00fc\u011f\u00fc"},"content":{"rendered":"<p><strong>Bo\u015fluk doldurma ama\u00e7l\u0131 kullan\u0131lan, ses ve \u0131s\u0131 yal\u0131t\u0131m\u0131 sa\u011flayan tek komponentli pipetli poli\u00fcretan k\u00f6p\u00fck.<\/strong><\/p>\n<p><strong>UYGULAMALAR:<\/strong><\/p>\n<p><strong>\u00c7atlaklar\u0131n doldurulmas\u0131<\/strong><br \/>\n<strong>Deliklerin kapat\u0131lmas\u0131nda<\/strong><br \/>\n<strong>Bo\u015fluk doldurmada<\/strong><\/p>\n<p><strong>AVANTAJLARI:<\/strong><\/p>\n<p><strong>Is\u0131 ve ses yal\u0131t\u0131m\u0131 sa\u011flar<\/strong><br \/>\n<strong>D\u00fc\u015f\u00fck genle\u015fme<\/strong><br \/>\n<strong>Boyutsal kararl\u0131l\u0131k (d\u00fc\u015f\u00fck \u00e7ekme)<\/strong><br \/>\n<strong>K\u00fcf ve rutubete kar\u015f\u0131 dayan\u0131kl\u0131d\u0131r<\/strong><\/p>\n<ul>\n<li>Kesme s\u00fcresi: \u2264 40 dk<\/li>\n<li>Tam k\u00fcrlenme s\u00fcresi: 24 sa<\/li>\n<li>Hacim: 16 l<\/li>\n<li>Uygulama s\u0131cakl\u0131\u011f\u0131: +5\u00b0C ile +25\u00b0C aras\u0131nda<\/li>\n<li>Teneke s\u0131cakl\u0131\u011f\u0131: +15\u00b0C ile +30\u00b0C aras\u0131nda<\/li>\n<li>Genle\u015fme: %150 &#8211; %200<\/li>\n<li>Raf \u00f6mr\u00fc: 12 ay<\/li>\n<\/ul>\n","protected":false},"excerpt":{"rendered":"<p>Bo\u015fluk doldurma ama\u00e7l\u0131 kullan\u0131lan, ses ve \u0131s\u0131 yal\u0131t\u0131m\u0131 sa\u011flayan tek komponentli pipetli poli\u00fcretan k\u00f6p\u00fck. UYGULAMALAR: \u00c7atlaklar\u0131n doldurulmas\u0131 Deliklerin kapat\u0131lmas\u0131nda Bo\u015fluk doldurmada AVANTAJLARI: Is\u0131 ve ses yal\u0131t\u0131m\u0131 sa\u011flar D\u00fc\u015f\u00fck genle\u015fme Boyutsal kararl\u0131l\u0131k (d\u00fc\u015f\u00fck \u00e7ekme) K\u00fcf ve rutubete kar\u015f\u0131 dayan\u0131kl\u0131d\u0131r Kesme s\u00fcresi: \u2264 40 dk Tam k\u00fcrlenme s\u00fcresi: 24 sa Hacim: 16 l Uygulama s\u0131cakl\u0131\u011f\u0131: +5\u00b0C ile [&hellip;]<\/p>\n","protected":false},"featured_media":9648,"comment_status":"open","ping_status":"closed","template":"","meta":[],"product_brand":[42],"product_cat":[72],"product_tag":[],"class_list":{"0":"post-9658","1":"product","2":"type-product","3":"status-publish","4":"has-post-thumbnail","6":"product_brand-tytan","7":"product_cat-montaj-dolgu-kopukleri","9":"first","10":"instock","11":"shipping-taxable","12":"product-type-simple"},"jetpack_sharing_enabled":true,"_links":{"self":[{"href":"http:\/\/www.assosmetal.com.tr\/public_html\/wp-json\/wp\/v2\/product\/9658","targetHints":{"allow":["GET"]}}],"collection":[{"href":"http:\/\/www.assosmetal.com.tr\/public_html\/wp-json\/wp\/v2\/product"}],"about":[{"href":"http:\/\/www.assosmetal.com.tr\/public_html\/wp-json\/wp\/v2\/types\/product"}],"replies":[{"embeddable":true,"href":"http:\/\/www.assosmetal.com.tr\/public_html\/wp-json\/wp\/v2\/comments?post=9658"}],"version-history":[{"count":1,"href":"http:\/\/www.assosmetal.com.tr\/public_html\/wp-json\/wp\/v2\/product\/9658\/revisions"}],"predecessor-version":[{"id":9659,"href":"http:\/\/www.assosmetal.com.tr\/public_html\/wp-json\/wp\/v2\/product\/9658\/revisions\/9659"}],"wp:featuredmedia":[{"embeddable":true,"href":"http:\/\/www.assosmetal.com.tr\/public_html\/wp-json\/wp\/v2\/media\/9648"}],"wp:attachment":[{"href":"http:\/\/www.assosmetal.com.tr\/public_html\/wp-json\/wp\/v2\/media?parent=9658"}],"wp:term":[{"taxonomy":"product_brand","embeddable":true,"href":"http:\/\/www.assosmetal.com.tr\/public_html\/wp-json\/wp\/v2\/product_brand?post=9658"},{"taxonomy":"product_cat","embeddable":true,"href":"http:\/\/www.assosmetal.com.tr\/public_html\/wp-json\/wp\/v2\/product_cat?post=9658"},{"taxonomy":"product_tag","embeddable":true,"href":"http:\/\/www.assosmetal.com.tr\/public_html\/wp-json\/wp\/v2\/product_tag?post=9658"}],"curies":[{"name":"wp","href":"https:\/\/api.w.org\/{rel}","templated":true}]}}