{"id":9662,"date":"2025-02-13T16:19:26","date_gmt":"2025-02-13T16:19:26","guid":{"rendered":"http:\/\/www.assosmetal.com.tr\/public_html\/?post_type=product&#038;p=9662"},"modified":"2025-02-13T16:19:26","modified_gmt":"2025-02-13T16:19:26","slug":"tytan-professional-gun-pu-tabancali-kopuk","status":"publish","type":"product","link":"http:\/\/www.assosmetal.com.tr\/public_html\/urun\/tytan-professional-gun-pu-tabancali-kopuk\/","title":{"rendered":"Tytan Professional Gun PU Tabancal\u0131 K\u00f6p\u00fck"},"content":{"rendered":"<p><strong>M\u00fckemmel bir yap\u0131ya ve yo\u011funlu\u011fa sahip y\u00fcksek kaliteli tabancal\u0131 poli\u00fcretan k\u00f6p\u00fck,<\/strong><br \/>\n<strong>pencerelerin ve kap\u0131lar\u0131n profesyonel montaj\u0131 i\u00e7in tasarlanm\u0131\u015ft\u0131r.<\/strong><\/p>\n<p><strong>Polyfix Plus \u0130\u00e7 Kap\u0131 Montaj K\u00f6p\u00fc\u011f\u00fc \u00fcst\u00fcn kapasiteli, nemle k\u00fcrlenen, tek komponentli, \u00e7ok<\/strong><br \/>\n<strong>ama\u00e7l\u0131 poli\u00fcretan k\u00f6p\u00fckt\u00fcr.<\/strong><\/p>\n<p><strong>Patentli, TUV sertifikal\u0131 anti-blok g\u00fcvenli valf sistemi ve s\u00f6k\u00fcl\u00fcp tak\u0131labilir \u00f6zel uygulama<\/strong><br \/>\n<strong>adapt\u00f6r\u00fc ile s\u0131z\u0131nt\u0131 yapmadan ilk uygulamadan sonra iki aya kadar tekrar kullan\u0131labilir.<\/strong><\/p>\n<p><strong>UYGULAMALAR:<\/strong><\/p>\n<p><strong>Kap\u0131 ve pencere montaj\u0131nda<\/strong><br \/>\n<strong>\u00c7atlaklar\u0131n, bo\u015fluklar\u0131n ve boru kanallar\u0131n\u0131n<\/strong><br \/>\n<strong>doldurulmas\u0131, kapat\u0131lmas\u0131nda<\/strong><br \/>\n<strong>\u00c7er\u00e7eve yap\u0131lar\u0131n s\u0131zd\u0131rmazl\u0131\u011f\u0131nda<\/strong><\/p>\n<p><strong>AVANTAJLARI:<\/strong><\/p>\n<p><strong>Y\u00fcksek \u0131s\u0131 yal\u0131t\u0131m\u0131<\/strong><br \/>\n<strong>K\u0131sa k\u00fcrlenme s\u00fcresi<\/strong><br \/>\n<strong>Kompakt yap\u0131<\/strong><br \/>\n<strong>Mantar geli\u015fimine kar\u015f\u0131d\u0131r<\/strong><br \/>\n<strong>D\u00fc\u015f\u00fck bas\u0131n\u00e7 formulasyonu (kap\u0131 ve pencere<\/strong><br \/>\n<strong>\u00e7er\u00e7evelerinin e\u011filmesini \u00f6nler)<\/strong><br \/>\n<strong>Uygulama s\u0131ras\u0131nda MDI yaymaz**<\/strong><br \/>\n<strong>\u0130n\u015faat malzemesi i\u00e7in M1 emisyon s\u0131n\u0131f\u0131<\/strong><\/p>\n<ul>\n<li>Kesme s\u00fcresi: \u2264 50 dk<\/li>\n<li>Tam k\u00fcrlenme s\u00fcresi: 24 sa<\/li>\n<li>Hacim: 45 l<\/li>\n<li>Uygulama s\u0131cakl\u0131\u011f\u0131: 0\u00b0C ile +30\u00b0C aras\u0131nda<\/li>\n<li>Teneke s\u0131cakl\u0131\u011f\u0131: +10\u00b0C ile +30\u00b0C aras\u0131nda<\/li>\n<li>Genle\u015fme: %90 &#8211; %150<\/li>\n<li>Raf \u00f6mr\u00fc: 12 ay<\/li>\n<\/ul>\n","protected":false},"excerpt":{"rendered":"<p>M\u00fckemmel bir yap\u0131ya ve yo\u011funlu\u011fa sahip y\u00fcksek kaliteli tabancal\u0131 poli\u00fcretan k\u00f6p\u00fck, pencerelerin ve kap\u0131lar\u0131n profesyonel montaj\u0131 i\u00e7in tasarlanm\u0131\u015ft\u0131r. Polyfix Plus \u0130\u00e7 Kap\u0131 Montaj K\u00f6p\u00fc\u011f\u00fc \u00fcst\u00fcn kapasiteli, nemle k\u00fcrlenen, tek komponentli, \u00e7ok ama\u00e7l\u0131 poli\u00fcretan k\u00f6p\u00fckt\u00fcr. Patentli, TUV sertifikal\u0131 anti-blok g\u00fcvenli valf sistemi ve s\u00f6k\u00fcl\u00fcp tak\u0131labilir \u00f6zel uygulama adapt\u00f6r\u00fc ile s\u0131z\u0131nt\u0131 yapmadan ilk uygulamadan sonra iki aya [&hellip;]<\/p>\n","protected":false},"featured_media":9645,"comment_status":"open","ping_status":"closed","template":"","meta":[],"product_brand":[42],"product_cat":[72],"product_tag":[],"class_list":{"0":"post-9662","1":"product","2":"type-product","3":"status-publish","4":"has-post-thumbnail","6":"product_brand-tytan","7":"product_cat-montaj-dolgu-kopukleri","9":"first","10":"instock","11":"shipping-taxable","12":"product-type-simple"},"jetpack_sharing_enabled":true,"_links":{"self":[{"href":"http:\/\/www.assosmetal.com.tr\/public_html\/wp-json\/wp\/v2\/product\/9662","targetHints":{"allow":["GET"]}}],"collection":[{"href":"http:\/\/www.assosmetal.com.tr\/public_html\/wp-json\/wp\/v2\/product"}],"about":[{"href":"http:\/\/www.assosmetal.com.tr\/public_html\/wp-json\/wp\/v2\/types\/product"}],"replies":[{"embeddable":true,"href":"http:\/\/www.assosmetal.com.tr\/public_html\/wp-json\/wp\/v2\/comments?post=9662"}],"version-history":[{"count":1,"href":"http:\/\/www.assosmetal.com.tr\/public_html\/wp-json\/wp\/v2\/product\/9662\/revisions"}],"predecessor-version":[{"id":9663,"href":"http:\/\/www.assosmetal.com.tr\/public_html\/wp-json\/wp\/v2\/product\/9662\/revisions\/9663"}],"wp:featuredmedia":[{"embeddable":true,"href":"http:\/\/www.assosmetal.com.tr\/public_html\/wp-json\/wp\/v2\/media\/9645"}],"wp:attachment":[{"href":"http:\/\/www.assosmetal.com.tr\/public_html\/wp-json\/wp\/v2\/media?parent=9662"}],"wp:term":[{"taxonomy":"product_brand","embeddable":true,"href":"http:\/\/www.assosmetal.com.tr\/public_html\/wp-json\/wp\/v2\/product_brand?post=9662"},{"taxonomy":"product_cat","embeddable":true,"href":"http:\/\/www.assosmetal.com.tr\/public_html\/wp-json\/wp\/v2\/product_cat?post=9662"},{"taxonomy":"product_tag","embeddable":true,"href":"http:\/\/www.assosmetal.com.tr\/public_html\/wp-json\/wp\/v2\/product_tag?post=9662"}],"curies":[{"name":"wp","href":"https:\/\/api.w.org\/{rel}","templated":true}]}}