{"id":9664,"date":"2025-02-13T16:21:04","date_gmt":"2025-02-13T16:21:04","guid":{"rendered":"http:\/\/www.assosmetal.com.tr\/public_html\/?post_type=product&#038;p=9664"},"modified":"2025-02-13T16:21:04","modified_gmt":"2025-02-13T16:21:04","slug":"tytan-professional-lexy-60-pipetli-pu-kopuk","status":"publish","type":"product","link":"http:\/\/www.assosmetal.com.tr\/public_html\/urun\/tytan-professional-lexy-60-pipetli-pu-kopuk\/","title":{"rendered":"Tytan Professional Lexy 60 Pipetli PU K\u00f6p\u00fck"},"content":{"rendered":"<p><strong>\u00c7ok y\u00fcksek hacim ve \u00fcst\u00fcn h\u00fccre yap\u0131s\u0131na sahip, tek komponentli PU pipetli K\u00f6p\u00fck.D\u00fc\u015f\u00fck bas\u0131n\u00e7l\u0131 form\u00fcl\u00fc sayesinde kap\u0131 ve pencere kasalar\u0131n\u0131n zarar g\u00f6rmesini engeller.<\/strong><\/p>\n<p><strong>\u00dcr\u00fcn, \u00e7ok y\u00f6nl\u00fc kullan\u0131m fonksiyonu sayesinde zor alanlarda dahi yal\u0131t\u0131m, doldurma, izole etme ve montajda \u00f6nerilir.<\/strong><\/p>\n<p><strong>UYGULAMALAR:<\/strong><\/p>\n<p><strong>Pencerelerin ve kap\u0131lar\u0131n montaj\u0131nda<\/strong><br \/>\n<strong>Borular\u0131n, \u00e7atlaklar\u0131n, deliklerin yal\u0131t\u0131m\u0131nda<\/strong><\/p>\n<p><strong>AVANTAJLARI:<\/strong><\/p>\n<p><strong>\u00c7ok y\u00fcksek verim \u2013 60 litreye kadar (Standart<\/strong><br \/>\n<strong>k\u00f6p\u00fcklerle kar\u015f\u0131la\u015ft\u0131r\u0131ld\u0131\u011f\u0131nda 2 kata kadar<\/strong><br \/>\n<strong>verim sa\u011flar.)<\/strong><br \/>\n<strong>D\u00fc\u015f\u00fck genle\u015fme \u2013 Gergi kullanmadan kap\u0131 montaj\u0131<\/strong><br \/>\n<strong>yap\u0131lmas\u0131n\u0131 sa\u011flar, kap\u0131 kasas\u0131na kasma yapmaz<\/strong><br \/>\n<strong>Farkl\u0131 a\u00e7\u0131larda uygulanabilir<\/strong><br \/>\n<strong>Geni\u015f \u0131s\u0131 de\u011ferleri aral\u0131\u011f\u0131nda kullan\u0131labilir<\/strong><br \/>\n<strong>(0\u00b0C ile +30\u00b0C aras\u0131nda)<\/strong><br \/>\n<strong>Kullan\u0131c\u0131lar\u0131n i\u015f s\u00fcresini k\u0131salt\u0131r \u2013 40 dakika sonra<\/strong><br \/>\n<strong>kesilebilir<\/strong><br \/>\n<strong>H\u0131zl\u0131 k\u00fcrlenme<\/strong><br \/>\n<strong>Boyutsal kararl\u0131l\u0131k (D\u00fc\u015f\u00fck \u00e7ekme)<\/strong><br \/>\n<strong>K\u00fcfe ve neme dayan\u0131kl\u0131d\u0131r<\/strong><\/p>\n<ul>\n<li>Kesme s\u00fcresi: \u2264 40 dk<\/li>\n<li>Tam k\u00fcrlenme s\u00fcresi: 24 sa<\/li>\n<li>Hacim: 60 l<\/li>\n<li>Uygulama s\u0131cakl\u0131\u011f\u0131: -10\u00b0C ile +30\u00b0C aras\u0131nda<\/li>\n<li>Teneke s\u0131cakl\u0131\u011f\u0131: +5\u00b0C ile +30\u00b0C aras\u0131nda<\/li>\n<li>Genle\u015fme: %130 &#8211; %180<\/li>\n<li>Raf \u00f6mr\u00fc: 12 ay<\/li>\n<\/ul>\n","protected":false},"excerpt":{"rendered":"<p>\u00c7ok y\u00fcksek hacim ve \u00fcst\u00fcn h\u00fccre yap\u0131s\u0131na sahip, tek komponentli PU pipetli K\u00f6p\u00fck.D\u00fc\u015f\u00fck bas\u0131n\u00e7l\u0131 form\u00fcl\u00fc sayesinde kap\u0131 ve pencere kasalar\u0131n\u0131n zarar g\u00f6rmesini engeller. \u00dcr\u00fcn, \u00e7ok y\u00f6nl\u00fc kullan\u0131m fonksiyonu sayesinde zor alanlarda dahi yal\u0131t\u0131m, doldurma, izole etme ve montajda \u00f6nerilir. UYGULAMALAR: Pencerelerin ve kap\u0131lar\u0131n montaj\u0131nda Borular\u0131n, \u00e7atlaklar\u0131n, deliklerin yal\u0131t\u0131m\u0131nda AVANTAJLARI: \u00c7ok y\u00fcksek verim \u2013 60 litreye [&hellip;]<\/p>\n","protected":false},"featured_media":9647,"comment_status":"open","ping_status":"closed","template":"","meta":[],"product_brand":[42],"product_cat":[72],"product_tag":[],"class_list":{"0":"post-9664","1":"product","2":"type-product","3":"status-publish","4":"has-post-thumbnail","6":"product_brand-tytan","7":"product_cat-montaj-dolgu-kopukleri","9":"first","10":"instock","11":"shipping-taxable","12":"product-type-simple"},"jetpack_sharing_enabled":true,"_links":{"self":[{"href":"http:\/\/www.assosmetal.com.tr\/public_html\/wp-json\/wp\/v2\/product\/9664","targetHints":{"allow":["GET"]}}],"collection":[{"href":"http:\/\/www.assosmetal.com.tr\/public_html\/wp-json\/wp\/v2\/product"}],"about":[{"href":"http:\/\/www.assosmetal.com.tr\/public_html\/wp-json\/wp\/v2\/types\/product"}],"replies":[{"embeddable":true,"href":"http:\/\/www.assosmetal.com.tr\/public_html\/wp-json\/wp\/v2\/comments?post=9664"}],"version-history":[{"count":1,"href":"http:\/\/www.assosmetal.com.tr\/public_html\/wp-json\/wp\/v2\/product\/9664\/revisions"}],"predecessor-version":[{"id":9665,"href":"http:\/\/www.assosmetal.com.tr\/public_html\/wp-json\/wp\/v2\/product\/9664\/revisions\/9665"}],"wp:featuredmedia":[{"embeddable":true,"href":"http:\/\/www.assosmetal.com.tr\/public_html\/wp-json\/wp\/v2\/media\/9647"}],"wp:attachment":[{"href":"http:\/\/www.assosmetal.com.tr\/public_html\/wp-json\/wp\/v2\/media?parent=9664"}],"wp:term":[{"taxonomy":"product_brand","embeddable":true,"href":"http:\/\/www.assosmetal.com.tr\/public_html\/wp-json\/wp\/v2\/product_brand?post=9664"},{"taxonomy":"product_cat","embeddable":true,"href":"http:\/\/www.assosmetal.com.tr\/public_html\/wp-json\/wp\/v2\/product_cat?post=9664"},{"taxonomy":"product_tag","embeddable":true,"href":"http:\/\/www.assosmetal.com.tr\/public_html\/wp-json\/wp\/v2\/product_tag?post=9664"}],"curies":[{"name":"wp","href":"https:\/\/api.w.org\/{rel}","templated":true}]}}