{"id":9666,"date":"2025-02-13T16:22:35","date_gmt":"2025-02-13T16:22:35","guid":{"rendered":"http:\/\/www.assosmetal.com.tr\/public_html\/?post_type=product&#038;p=9666"},"modified":"2025-02-13T16:22:35","modified_gmt":"2025-02-13T16:22:35","slug":"tytan-professional-ultra-fast-70-tabancali-pu-kopuk","status":"publish","type":"product","link":"http:\/\/www.assosmetal.com.tr\/public_html\/urun\/tytan-professional-ultra-fast-70-tabancali-pu-kopuk\/","title":{"rendered":"Tytan Professional Ultra Fast 70 Tabancal\u0131 PU K\u00f6p\u00fck"},"content":{"rendered":"","protected":false},"excerpt":{"rendered":"","protected":false},"featured_media":9652,"comment_status":"open","ping_status":"closed","template":"","meta":[],"product_brand":[42],"product_cat":[72],"product_tag":[],"class_list":{"0":"post-9666","1":"product","2":"type-product","3":"status-publish","4":"has-post-thumbnail","6":"product_brand-tytan","7":"product_cat-montaj-dolgu-kopukleri","9":"first","10":"instock","11":"shipping-taxable","12":"product-type-simple"},"jetpack_sharing_enabled":true,"_links":{"self":[{"href":"http:\/\/www.assosmetal.com.tr\/public_html\/wp-json\/wp\/v2\/product\/9666","targetHints":{"allow":["GET"]}}],"collection":[{"href":"http:\/\/www.assosmetal.com.tr\/public_html\/wp-json\/wp\/v2\/product"}],"about":[{"href":"http:\/\/www.assosmetal.com.tr\/public_html\/wp-json\/wp\/v2\/types\/product"}],"replies":[{"embeddable":true,"href":"http:\/\/www.assosmetal.com.tr\/public_html\/wp-json\/wp\/v2\/comments?post=9666"}],"version-history":[{"count":1,"href":"http:\/\/www.assosmetal.com.tr\/public_html\/wp-json\/wp\/v2\/product\/9666\/revisions"}],"predecessor-version":[{"id":9667,"href":"http:\/\/www.assosmetal.com.tr\/public_html\/wp-json\/wp\/v2\/product\/9666\/revisions\/9667"}],"wp:featuredmedia":[{"embeddable":true,"href":"http:\/\/www.assosmetal.com.tr\/public_html\/wp-json\/wp\/v2\/media\/9652"}],"wp:attachment":[{"href":"http:\/\/www.assosmetal.com.tr\/public_html\/wp-json\/wp\/v2\/media?parent=9666"}],"wp:term":[{"taxonomy":"product_brand","embeddable":true,"href":"http:\/\/www.assosmetal.com.tr\/public_html\/wp-json\/wp\/v2\/product_brand?post=9666"},{"taxonomy":"product_cat","embeddable":true,"href":"http:\/\/www.assosmetal.com.tr\/public_html\/wp-json\/wp\/v2\/product_cat?post=9666"},{"taxonomy":"product_tag","embeddable":true,"href":"http:\/\/www.assosmetal.com.tr\/public_html\/wp-json\/wp\/v2\/product_tag?post=9666"}],"curies":[{"name":"wp","href":"https:\/\/api.w.org\/{rel}","templated":true}]}}