{"id":9676,"date":"2025-02-13T16:34:32","date_gmt":"2025-02-13T16:34:32","guid":{"rendered":"http:\/\/www.assosmetal.com.tr\/public_html\/?post_type=product&#038;p=9676"},"modified":"2025-02-13T16:34:32","modified_gmt":"2025-02-13T16:34:32","slug":"tytan-professional-polyfix-combo-pu-kopuk","status":"publish","type":"product","link":"http:\/\/www.assosmetal.com.tr\/public_html\/urun\/tytan-professional-polyfix-combo-pu-kopuk\/","title":{"rendered":"Tytan Professional Polyfix Combo PU K\u00f6p\u00fck"},"content":{"rendered":"<p><strong>Y\u00fcksek kaliteli, tek komponentli, kendi kendine geni\u015fleyen, her t\u00fcrl\u00fc in\u015faat malzemesini yap\u0131\u015ft\u0131ran ve yal\u0131tan PU pipetli k\u00f6p\u00fck.<\/strong><\/p>\n<p><strong>Geni\u015fleme s\u0131ras\u0131nda \u00e7atlak \u015feklini al\u0131r, doldurur.<\/strong><\/p>\n<p><strong>K\u00f6p\u00fck kuruduktan sonra kesilebilir, z\u0131mparalanabilir ve boyanabilir.<\/strong><\/p>\n<p><strong>Polyfix Plus \u00c7elik Kap\u0131 Montaj K\u00f6p\u00fc\u011f\u00fc \u00fcst\u00fcn kapasiteli, nemle k\u00fcrle\u015fen, tek komponentli, \u00e7ok ama\u00e7l\u0131 poli\u00fcretan k\u00f6p\u00fckt\u00fcr.<\/strong><\/p>\n<p><strong>Patentli, TUV sertifikal\u0131 anti-blok g\u00fcvenli valf sisemi ve s\u00f6k\u00fcl\u00fcp tak\u0131labilir \u00f6zel uygulama adapt\u00f6r\u00fc ile s\u0131z\u0131nt\u0131 yapmadan ilk uygulamadan sonra iki aya kadar tekrar kullan\u0131labilir.<\/strong><\/p>\n<p><strong>UYGULAMALAR:<\/strong><\/p>\n<p><strong>Kap\u0131 ve pencere montaj\u0131nda<\/strong><br \/>\n<strong>Birle\u015fim yerlerinin doldurulmas\u0131nda ve elektrik tesisat\u0131 montaj\u0131nda<\/strong><br \/>\n<strong>\u00c7atlak, bo\u015fluk, pano, oluklu sa\u00e7lar\u0131n ve \u00e7at\u0131<\/strong><br \/>\n<strong>kaplamalar\u0131n\u0131n doldurulmas\u0131nda ve yal\u0131t\u0131m\u0131nda kullan\u0131l\u0131r.<\/strong><\/p>\n<p><strong>AVANTAJLARI:<\/strong><\/p>\n<p><strong>Y\u00fcksek \u0131s\u0131 ve ses yal\u0131t\u0131m\u0131<\/strong><br \/>\n<strong>K\u00fcrlenmi\u015f k\u00f6p\u00fc\u011f\u00fcn boyutlar\u0131 de\u011fi\u015fmez<\/strong><br \/>\n<strong>K\u00fcf ve rutubete kar\u015f\u0131 dayan\u0131kl\u0131<\/strong><\/p>\n<ul>\n<li>Kesme s\u00fcresi: \u2264 70 dk<\/li>\n<li>Tam k\u00fcrlenme s\u00fcresi: 24 sa<\/li>\n<li>Hacim: 45 l<\/li>\n<li>Uygulama s\u0131cakl\u0131\u011f\u0131: +5\u00b0C ile +30\u00b0C aras\u0131nda<\/li>\n<li>Teneke s\u0131cakl\u0131\u011f\u0131: +10\u00b0C ile +30\u00b0C aras\u0131nda<\/li>\n<li>Genle\u015fme: %150 &#8211; %200<\/li>\n<li>Raf \u00f6mr\u00fc: 12 ay<\/li>\n<\/ul>\n","protected":false},"excerpt":{"rendered":"<p>Y\u00fcksek kaliteli, tek komponentli, kendi kendine geni\u015fleyen, her t\u00fcrl\u00fc in\u015faat malzemesini yap\u0131\u015ft\u0131ran ve yal\u0131tan PU pipetli k\u00f6p\u00fck. Geni\u015fleme s\u0131ras\u0131nda \u00e7atlak \u015feklini al\u0131r, doldurur. K\u00f6p\u00fck kuruduktan sonra kesilebilir, z\u0131mparalanabilir ve boyanabilir. Polyfix Plus \u00c7elik Kap\u0131 Montaj K\u00f6p\u00fc\u011f\u00fc \u00fcst\u00fcn kapasiteli, nemle k\u00fcrle\u015fen, tek komponentli, \u00e7ok ama\u00e7l\u0131 poli\u00fcretan k\u00f6p\u00fckt\u00fcr. Patentli, TUV sertifikal\u0131 anti-blok g\u00fcvenli valf sisemi ve s\u00f6k\u00fcl\u00fcp [&hellip;]<\/p>\n","protected":false},"featured_media":9642,"comment_status":"open","ping_status":"closed","template":"","meta":[],"product_brand":[42],"product_cat":[72],"product_tag":[],"class_list":{"0":"post-9676","1":"product","2":"type-product","3":"status-publish","4":"has-post-thumbnail","6":"product_brand-tytan","7":"product_cat-montaj-dolgu-kopukleri","9":"first","10":"instock","11":"shipping-taxable","12":"product-type-simple"},"jetpack_sharing_enabled":true,"_links":{"self":[{"href":"http:\/\/www.assosmetal.com.tr\/public_html\/wp-json\/wp\/v2\/product\/9676","targetHints":{"allow":["GET"]}}],"collection":[{"href":"http:\/\/www.assosmetal.com.tr\/public_html\/wp-json\/wp\/v2\/product"}],"about":[{"href":"http:\/\/www.assosmetal.com.tr\/public_html\/wp-json\/wp\/v2\/types\/product"}],"replies":[{"embeddable":true,"href":"http:\/\/www.assosmetal.com.tr\/public_html\/wp-json\/wp\/v2\/comments?post=9676"}],"version-history":[{"count":1,"href":"http:\/\/www.assosmetal.com.tr\/public_html\/wp-json\/wp\/v2\/product\/9676\/revisions"}],"predecessor-version":[{"id":9677,"href":"http:\/\/www.assosmetal.com.tr\/public_html\/wp-json\/wp\/v2\/product\/9676\/revisions\/9677"}],"wp:featuredmedia":[{"embeddable":true,"href":"http:\/\/www.assosmetal.com.tr\/public_html\/wp-json\/wp\/v2\/media\/9642"}],"wp:attachment":[{"href":"http:\/\/www.assosmetal.com.tr\/public_html\/wp-json\/wp\/v2\/media?parent=9676"}],"wp:term":[{"taxonomy":"product_brand","embeddable":true,"href":"http:\/\/www.assosmetal.com.tr\/public_html\/wp-json\/wp\/v2\/product_brand?post=9676"},{"taxonomy":"product_cat","embeddable":true,"href":"http:\/\/www.assosmetal.com.tr\/public_html\/wp-json\/wp\/v2\/product_cat?post=9676"},{"taxonomy":"product_tag","embeddable":true,"href":"http:\/\/www.assosmetal.com.tr\/public_html\/wp-json\/wp\/v2\/product_tag?post=9676"}],"curies":[{"name":"wp","href":"https:\/\/api.w.org\/{rel}","templated":true}]}}