{"id":9680,"date":"2025-02-13T16:38:53","date_gmt":"2025-02-13T16:38:53","guid":{"rendered":"http:\/\/www.assosmetal.com.tr\/public_html\/?post_type=product&#038;p=9680"},"modified":"2025-02-13T16:38:53","modified_gmt":"2025-02-13T16:38:53","slug":"tytan-professional-polyfix-plus-ic-kapi-pu-montaj-kopugu","status":"publish","type":"product","link":"http:\/\/www.assosmetal.com.tr\/public_html\/urun\/tytan-professional-polyfix-plus-ic-kapi-pu-montaj-kopugu\/","title":{"rendered":"Tytan Professional Polyfix Plus i\u00e7 Kap\u0131 PU Montaj K\u00f6p\u00fc\u011f\u00fc"},"content":{"rendered":"<p><strong>Polyfix Plus \u0130\u00e7 Kap\u0131 Montaj K\u00f6p\u00fc\u011f\u00fc \u00fcst\u00fcn kapasiteli, nemle k\u00fcrlenen, tek komponentli, \u00e7ok ama\u00e7l\u0131 poli\u00fcretan k\u00f6p\u00fckt\u00fcr.<\/strong><\/p>\n<p><strong>Patentli, TUV sertifikal\u0131 anti-blok g\u00fcvenli valf sistemi ve s\u00f6k\u00fcl\u00fcp tak\u0131labilir \u00f6zel uygulama adapt\u00f6r\u00fc ile s\u0131z\u0131nt\u0131 yapmadan ilk uygulamadan sonra iki aya kadar tekrar kullan\u0131labilir<\/strong><\/p>\n<p><strong>UYGULAMALAR:<\/strong><\/p>\n<p><strong>\u00c7e\u015fitli i\u00e7 mekan kap\u0131 tipi montajlar\u0131nda<\/strong><\/p>\n<p><strong>AVANTAJLARI:<\/strong><\/p>\n<p><strong>Kap\u0131 ve kasay\u0131 \u015fi\u015firmez, kasmaz<\/strong><br \/>\n<strong>-10\u00b0C\u2019ye varan hava s\u0131cakl\u0131klar\u0131nda uygulanabilir<\/strong><br \/>\n<strong>Tekrar kullan\u0131labilir<\/strong><br \/>\n<strong>Yatay saklanabilir<\/strong><\/p>\n<ul>\n<li>Kesme s\u00fcresi: \u2264 40 dk<\/li>\n<li>Tam k\u00fcrlenme s\u00fcresi: 24 sa<\/li>\n<li>Hacim: 35 &#8211; 40 l<\/li>\n<li>Uygulama s\u0131cakl\u0131\u011f\u0131: -10\u00b0C ile +30\u00b0C aras\u0131nda<\/li>\n<li>Uygulama \u00f6ncesi teneke s\u0131cakl\u0131\u011f\u0131: +15\u00b0C<\/li>\n<li>Genle\u015fme: %90 &#8211; %120<\/li>\n<li>Raf \u00f6mr\u00fc: 18 ay<\/li>\n<\/ul>\n","protected":false},"excerpt":{"rendered":"<p>Polyfix Plus \u0130\u00e7 Kap\u0131 Montaj K\u00f6p\u00fc\u011f\u00fc \u00fcst\u00fcn kapasiteli, nemle k\u00fcrlenen, tek komponentli, \u00e7ok ama\u00e7l\u0131 poli\u00fcretan k\u00f6p\u00fckt\u00fcr. Patentli, TUV sertifikal\u0131 anti-blok g\u00fcvenli valf sistemi ve s\u00f6k\u00fcl\u00fcp tak\u0131labilir \u00f6zel uygulama adapt\u00f6r\u00fc ile s\u0131z\u0131nt\u0131 yapmadan ilk uygulamadan sonra iki aya kadar tekrar kullan\u0131labilir UYGULAMALAR: \u00c7e\u015fitli i\u00e7 mekan kap\u0131 tipi montajlar\u0131nda AVANTAJLARI: Kap\u0131 ve kasay\u0131 \u015fi\u015firmez, kasmaz -10\u00b0C\u2019ye varan [&hellip;]<\/p>\n","protected":false},"featured_media":9651,"comment_status":"open","ping_status":"closed","template":"","meta":[],"product_brand":[42],"product_cat":[72],"product_tag":[],"class_list":{"0":"post-9680","1":"product","2":"type-product","3":"status-publish","4":"has-post-thumbnail","6":"product_brand-tytan","7":"product_cat-montaj-dolgu-kopukleri","9":"first","10":"instock","11":"shipping-taxable","12":"product-type-simple"},"jetpack_sharing_enabled":true,"_links":{"self":[{"href":"http:\/\/www.assosmetal.com.tr\/public_html\/wp-json\/wp\/v2\/product\/9680","targetHints":{"allow":["GET"]}}],"collection":[{"href":"http:\/\/www.assosmetal.com.tr\/public_html\/wp-json\/wp\/v2\/product"}],"about":[{"href":"http:\/\/www.assosmetal.com.tr\/public_html\/wp-json\/wp\/v2\/types\/product"}],"replies":[{"embeddable":true,"href":"http:\/\/www.assosmetal.com.tr\/public_html\/wp-json\/wp\/v2\/comments?post=9680"}],"version-history":[{"count":1,"href":"http:\/\/www.assosmetal.com.tr\/public_html\/wp-json\/wp\/v2\/product\/9680\/revisions"}],"predecessor-version":[{"id":9681,"href":"http:\/\/www.assosmetal.com.tr\/public_html\/wp-json\/wp\/v2\/product\/9680\/revisions\/9681"}],"wp:featuredmedia":[{"embeddable":true,"href":"http:\/\/www.assosmetal.com.tr\/public_html\/wp-json\/wp\/v2\/media\/9651"}],"wp:attachment":[{"href":"http:\/\/www.assosmetal.com.tr\/public_html\/wp-json\/wp\/v2\/media?parent=9680"}],"wp:term":[{"taxonomy":"product_brand","embeddable":true,"href":"http:\/\/www.assosmetal.com.tr\/public_html\/wp-json\/wp\/v2\/product_brand?post=9680"},{"taxonomy":"product_cat","embeddable":true,"href":"http:\/\/www.assosmetal.com.tr\/public_html\/wp-json\/wp\/v2\/product_cat?post=9680"},{"taxonomy":"product_tag","embeddable":true,"href":"http:\/\/www.assosmetal.com.tr\/public_html\/wp-json\/wp\/v2\/product_tag?post=9680"}],"curies":[{"name":"wp","href":"https:\/\/api.w.org\/{rel}","templated":true}]}}