{"id":9682,"date":"2025-02-13T16:50:45","date_gmt":"2025-02-13T16:50:45","guid":{"rendered":"http:\/\/www.assosmetal.com.tr\/public_html\/?post_type=product&#038;p=9682"},"modified":"2025-02-13T16:50:45","modified_gmt":"2025-02-13T16:50:45","slug":"tytan-professional-kopuk-temizleyici","status":"publish","type":"product","link":"http:\/\/www.assosmetal.com.tr\/public_html\/urun\/tytan-professional-kopuk-temizleyici\/","title":{"rendered":"Tytan Professional K\u00f6p\u00fck Temizleyici"},"content":{"rendered":"<p><strong>Kurumam\u0131\u015f poli\u00fcretan k\u00f6p\u00fck ve yap\u0131\u015ft\u0131r\u0131c\u0131lar\u0131n temizlenmesinde kullan\u0131lan \u00e7ok ama\u00e7l\u0131 temizleyici.<\/strong><\/p>\n<p><strong>PU k\u00f6p\u00fck tabancas\u0131n\u0131n, kurumam\u0131\u015f k\u00f6p\u00fcklerin temizlenmesinde ve \u00e7elik y\u00fczeylerin, silikon ve poli\u00fcretan uygulanmas\u0131ndan \u00f6nce ya\u011fdan ar\u0131nd\u0131r\u0131lmas\u0131nda kullan\u0131l\u0131r<\/strong><\/p>\n<p><strong>UYGULAMALAR:<\/strong><\/p>\n<p><strong>PU k\u00f6p\u00fck uygulama tabancas\u0131n\u0131n temizlenmesinde<\/strong><br \/>\n<strong>Y\u00fczeylerden kurumam\u0131\u015f poli\u00fcretan k\u00f6p\u00fcklerin<\/strong><br \/>\n<strong>ar\u0131nd\u0131r\u0131lmas\u0131nda<\/strong><br \/>\n<strong>Kurumam\u0131\u015f PU bazl\u0131 yap\u0131\u015ft\u0131r\u0131c\u0131lar\u0131 \u00e7e\u015fitli<\/strong><br \/>\n<strong>y\u00fczeylerden temizli\u011finde<\/strong><\/p>\n<p><strong>AVANTAJLARI:<\/strong><\/p>\n<p><strong>Kolay ve \u00e7ok ama\u00e7l\u0131 kullan\u0131m<\/strong><br \/>\n<strong>Sprey ucu sayesinde tabancas\u0131z kullanma imkan\u0131<\/strong><br \/>\n<strong>H\u0131zl\u0131 kuruma sa\u011flar<\/strong><\/p>\n<ul>\n<li>Solvent: aseton<\/li>\n<li>Metal teneke hacmi: 650 ml<\/li>\n<li>Raf \u00f6mr\u00fc: 36 ay<\/li>\n<\/ul>\n","protected":false},"excerpt":{"rendered":"<p>Kurumam\u0131\u015f poli\u00fcretan k\u00f6p\u00fck ve yap\u0131\u015ft\u0131r\u0131c\u0131lar\u0131n temizlenmesinde kullan\u0131lan \u00e7ok ama\u00e7l\u0131 temizleyici. PU k\u00f6p\u00fck tabancas\u0131n\u0131n, kurumam\u0131\u015f k\u00f6p\u00fcklerin temizlenmesinde ve \u00e7elik y\u00fczeylerin, silikon ve poli\u00fcretan uygulanmas\u0131ndan \u00f6nce ya\u011fdan ar\u0131nd\u0131r\u0131lmas\u0131nda kullan\u0131l\u0131r UYGULAMALAR: PU k\u00f6p\u00fck uygulama tabancas\u0131n\u0131n temizlenmesinde Y\u00fczeylerden kurumam\u0131\u015f poli\u00fcretan k\u00f6p\u00fcklerin ar\u0131nd\u0131r\u0131lmas\u0131nda Kurumam\u0131\u015f PU bazl\u0131 yap\u0131\u015ft\u0131r\u0131c\u0131lar\u0131 \u00e7e\u015fitli y\u00fczeylerden temizli\u011finde AVANTAJLARI: Kolay ve \u00e7ok ama\u00e7l\u0131 kullan\u0131m Sprey ucu sayesinde tabancas\u0131z [&hellip;]<\/p>\n","protected":false},"featured_media":9646,"comment_status":"open","ping_status":"closed","template":"","meta":[],"product_brand":[42],"product_cat":[72],"product_tag":[],"class_list":{"0":"post-9682","1":"product","2":"type-product","3":"status-publish","4":"has-post-thumbnail","6":"product_brand-tytan","7":"product_cat-montaj-dolgu-kopukleri","9":"first","10":"instock","11":"shipping-taxable","12":"product-type-simple"},"jetpack_sharing_enabled":true,"_links":{"self":[{"href":"http:\/\/www.assosmetal.com.tr\/public_html\/wp-json\/wp\/v2\/product\/9682","targetHints":{"allow":["GET"]}}],"collection":[{"href":"http:\/\/www.assosmetal.com.tr\/public_html\/wp-json\/wp\/v2\/product"}],"about":[{"href":"http:\/\/www.assosmetal.com.tr\/public_html\/wp-json\/wp\/v2\/types\/product"}],"replies":[{"embeddable":true,"href":"http:\/\/www.assosmetal.com.tr\/public_html\/wp-json\/wp\/v2\/comments?post=9682"}],"version-history":[{"count":1,"href":"http:\/\/www.assosmetal.com.tr\/public_html\/wp-json\/wp\/v2\/product\/9682\/revisions"}],"predecessor-version":[{"id":9684,"href":"http:\/\/www.assosmetal.com.tr\/public_html\/wp-json\/wp\/v2\/product\/9682\/revisions\/9684"}],"wp:featuredmedia":[{"embeddable":true,"href":"http:\/\/www.assosmetal.com.tr\/public_html\/wp-json\/wp\/v2\/media\/9646"}],"wp:attachment":[{"href":"http:\/\/www.assosmetal.com.tr\/public_html\/wp-json\/wp\/v2\/media?parent=9682"}],"wp:term":[{"taxonomy":"product_brand","embeddable":true,"href":"http:\/\/www.assosmetal.com.tr\/public_html\/wp-json\/wp\/v2\/product_brand?post=9682"},{"taxonomy":"product_cat","embeddable":true,"href":"http:\/\/www.assosmetal.com.tr\/public_html\/wp-json\/wp\/v2\/product_cat?post=9682"},{"taxonomy":"product_tag","embeddable":true,"href":"http:\/\/www.assosmetal.com.tr\/public_html\/wp-json\/wp\/v2\/product_tag?post=9682"}],"curies":[{"name":"wp","href":"https:\/\/api.w.org\/{rel}","templated":true}]}}