{"id":9687,"date":"2025-02-13T17:01:05","date_gmt":"2025-02-13T17:01:05","guid":{"rendered":"http:\/\/www.assosmetal.com.tr\/public_html\/?post_type=product&#038;p=9687"},"modified":"2025-02-14T08:49:47","modified_gmt":"2025-02-14T08:49:47","slug":"bison-kit-kontak-yapistirici-3-litre","status":"publish","type":"product","link":"http:\/\/www.assosmetal.com.tr\/public_html\/urun\/bison-kit-kontak-yapistirici-3-litre\/","title":{"rendered":"Bison Kit Kontak Yap\u0131\u015ft\u0131r\u0131c\u0131 3 Litre"},"content":{"rendered":"<p><strong>Neopren kau\u00e7uk bazl\u0131 s\u00fcper g\u00fc\u00e7l\u00fc \u00fcniversal temas yap\u0131\u015ft\u0131r\u0131c\u0131s\u0131.<\/strong><\/p>\n<p><strong>An\u0131nda birle\u015ftirme gerektiren say\u0131s\u0131z tamir ve DIY i\u015fi.<\/strong><\/p>\n<p><strong>Zor malzemeler i\u00e7in uygundur.<\/strong><\/p>\n<p><strong>Nem ve dona dayan\u0131kl\u0131.<\/strong><\/p>\n<p><strong>-40 \u00b0 C ile + 70 \u00b0 C aras\u0131ndaki s\u0131cakl\u0131klar<\/strong><\/p>\n<ul>\n<li>S\u00fcper g\u00fc\u00e7l\u00fc<\/li>\n<li>Zor malzemeler i\u00e7in uygundur<\/li>\n<li>Evrensel<\/li>\n<li>S\u0131v\u0131<\/li>\n<li>Neme ve dona dayan\u0131kl\u0131<\/li>\n<li>Kullan\u0131m\u0131 kolay<\/li>\n<li>-40 \u00b0 C ile + 70 \u00b0 C aras\u0131ndaki s\u0131cakl\u0131klara dayan\u0131kl\u0131<\/li>\n<\/ul>\n","protected":false},"excerpt":{"rendered":"<p>Neopren kau\u00e7uk bazl\u0131 s\u00fcper g\u00fc\u00e7l\u00fc \u00fcniversal temas yap\u0131\u015ft\u0131r\u0131c\u0131s\u0131. An\u0131nda birle\u015ftirme gerektiren say\u0131s\u0131z tamir ve DIY i\u015fi. Zor malzemeler i\u00e7in uygundur. Nem ve dona dayan\u0131kl\u0131. -40 \u00b0 C ile + 70 \u00b0 C aras\u0131ndaki s\u0131cakl\u0131klar S\u00fcper g\u00fc\u00e7l\u00fc Zor malzemeler i\u00e7in uygundur Evrensel S\u0131v\u0131 Neme ve dona dayan\u0131kl\u0131 Kullan\u0131m\u0131 kolay -40 \u00b0 C ile + 70 \u00b0 [&hellip;]<\/p>\n","protected":false},"featured_media":9688,"comment_status":"open","ping_status":"closed","template":"","meta":[],"product_brand":[],"product_cat":[74],"product_tag":[],"class_list":{"0":"post-9687","1":"product","2":"type-product","3":"status-publish","4":"has-post-thumbnail","6":"product_cat-kontak-yapistiricilar","8":"first","9":"instock","10":"shipping-taxable","11":"product-type-simple"},"jetpack_sharing_enabled":true,"_links":{"self":[{"href":"http:\/\/www.assosmetal.com.tr\/public_html\/wp-json\/wp\/v2\/product\/9687","targetHints":{"allow":["GET"]}}],"collection":[{"href":"http:\/\/www.assosmetal.com.tr\/public_html\/wp-json\/wp\/v2\/product"}],"about":[{"href":"http:\/\/www.assosmetal.com.tr\/public_html\/wp-json\/wp\/v2\/types\/product"}],"replies":[{"embeddable":true,"href":"http:\/\/www.assosmetal.com.tr\/public_html\/wp-json\/wp\/v2\/comments?post=9687"}],"version-history":[{"count":1,"href":"http:\/\/www.assosmetal.com.tr\/public_html\/wp-json\/wp\/v2\/product\/9687\/revisions"}],"predecessor-version":[{"id":9691,"href":"http:\/\/www.assosmetal.com.tr\/public_html\/wp-json\/wp\/v2\/product\/9687\/revisions\/9691"}],"wp:featuredmedia":[{"embeddable":true,"href":"http:\/\/www.assosmetal.com.tr\/public_html\/wp-json\/wp\/v2\/media\/9688"}],"wp:attachment":[{"href":"http:\/\/www.assosmetal.com.tr\/public_html\/wp-json\/wp\/v2\/media?parent=9687"}],"wp:term":[{"taxonomy":"product_brand","embeddable":true,"href":"http:\/\/www.assosmetal.com.tr\/public_html\/wp-json\/wp\/v2\/product_brand?post=9687"},{"taxonomy":"product_cat","embeddable":true,"href":"http:\/\/www.assosmetal.com.tr\/public_html\/wp-json\/wp\/v2\/product_cat?post=9687"},{"taxonomy":"product_tag","embeddable":true,"href":"http:\/\/www.assosmetal.com.tr\/public_html\/wp-json\/wp\/v2\/product_tag?post=9687"}],"curies":[{"name":"wp","href":"https:\/\/api.w.org\/{rel}","templated":true}]}}