{"id":9692,"date":"2025-02-13T17:02:56","date_gmt":"2025-02-13T17:02:56","guid":{"rendered":"http:\/\/www.assosmetal.com.tr\/public_html\/?post_type=product&#038;p=9692"},"modified":"2025-02-13T17:02:56","modified_gmt":"2025-02-13T17:02:56","slug":"bison-kit-kontak-yapistirici-650-ml","status":"publish","type":"product","link":"http:\/\/www.assosmetal.com.tr\/public_html\/urun\/bison-kit-kontak-yapistirici-650-ml\/","title":{"rendered":"Bison Kit Kontak Yap\u0131\u015ft\u0131r\u0131c\u0131 650 ML"},"content":{"rendered":"<p><strong>An\u0131nda yap\u0131\u015ft\u0131rma, y\u00fckleme veya i\u015fleme gerektiren bir\u00e7ok malzemenin y\u00fczeye yap\u0131\u015ft\u0131r\u0131lmas\u0131 veya laminasyonu i\u00e7in idealdir.<\/strong><br \/>\n<strong>Ah\u015fap, tahta, kaplama, plastik ve metal panel levhalar\u0131 k\u00f6p\u00fck ,kau\u00e7uk, deri, mantar, kanvas, linolyum ve polieter k\u00f6p\u00fck (ses yal\u0131t\u0131m\u0131), di\u011fer \u015feylerin yan\u0131 s\u0131ra, kendi kendine de yap\u0131\u015ft\u0131r\u0131r di\u011fer bir\u00e7ok y\u00fczeye gelince.<\/strong><\/p>\n<p><strong>Ayr\u0131ca ayakkab\u0131, \u00e7anta, oyuncak ve hal\u0131lar\u0131 onarmak veya (hobi) el i\u015fi yapmak i\u00e7in.<\/strong><\/p>\n<ul>\n<li>S\u00fcper g\u00fc\u00e7l\u00fc<\/li>\n<li>Zor malzemeler i\u00e7in uygun<\/li>\n<li>Evrensel<\/li>\n<li>S\u0131v\u0131<\/li>\n<li>Neme ve donmaya kar\u015f\u0131 dayan\u0131kl\u0131<\/li>\n<li>Kullan\u0131m\u0131 kolay<\/li>\n<li>-40 \u00b0 C ile + 70 \u00b0 C aras\u0131ndaki s\u0131cakl\u0131klara dayan\u0131kl\u0131<\/li>\n<\/ul>\n","protected":false},"excerpt":{"rendered":"<p>An\u0131nda yap\u0131\u015ft\u0131rma, y\u00fckleme veya i\u015fleme gerektiren bir\u00e7ok malzemenin y\u00fczeye yap\u0131\u015ft\u0131r\u0131lmas\u0131 veya laminasyonu i\u00e7in idealdir. Ah\u015fap, tahta, kaplama, plastik ve metal panel levhalar\u0131 k\u00f6p\u00fck ,kau\u00e7uk, deri, mantar, kanvas, linolyum ve polieter k\u00f6p\u00fck (ses yal\u0131t\u0131m\u0131), di\u011fer \u015feylerin yan\u0131 s\u0131ra, kendi kendine de yap\u0131\u015ft\u0131r\u0131r di\u011fer bir\u00e7ok y\u00fczeye gelince. Ayr\u0131ca ayakkab\u0131, \u00e7anta, oyuncak ve hal\u0131lar\u0131 onarmak veya (hobi) el [&hellip;]<\/p>\n","protected":false},"featured_media":9689,"comment_status":"open","ping_status":"closed","template":"","meta":[],"product_brand":[],"product_cat":[74],"product_tag":[],"class_list":{"0":"post-9692","1":"product","2":"type-product","3":"status-publish","4":"has-post-thumbnail","6":"product_cat-kontak-yapistiricilar","8":"first","9":"instock","10":"shipping-taxable","11":"product-type-simple"},"jetpack_sharing_enabled":true,"_links":{"self":[{"href":"http:\/\/www.assosmetal.com.tr\/public_html\/wp-json\/wp\/v2\/product\/9692","targetHints":{"allow":["GET"]}}],"collection":[{"href":"http:\/\/www.assosmetal.com.tr\/public_html\/wp-json\/wp\/v2\/product"}],"about":[{"href":"http:\/\/www.assosmetal.com.tr\/public_html\/wp-json\/wp\/v2\/types\/product"}],"replies":[{"embeddable":true,"href":"http:\/\/www.assosmetal.com.tr\/public_html\/wp-json\/wp\/v2\/comments?post=9692"}],"version-history":[{"count":1,"href":"http:\/\/www.assosmetal.com.tr\/public_html\/wp-json\/wp\/v2\/product\/9692\/revisions"}],"predecessor-version":[{"id":9693,"href":"http:\/\/www.assosmetal.com.tr\/public_html\/wp-json\/wp\/v2\/product\/9692\/revisions\/9693"}],"wp:featuredmedia":[{"embeddable":true,"href":"http:\/\/www.assosmetal.com.tr\/public_html\/wp-json\/wp\/v2\/media\/9689"}],"wp:attachment":[{"href":"http:\/\/www.assosmetal.com.tr\/public_html\/wp-json\/wp\/v2\/media?parent=9692"}],"wp:term":[{"taxonomy":"product_brand","embeddable":true,"href":"http:\/\/www.assosmetal.com.tr\/public_html\/wp-json\/wp\/v2\/product_brand?post=9692"},{"taxonomy":"product_cat","embeddable":true,"href":"http:\/\/www.assosmetal.com.tr\/public_html\/wp-json\/wp\/v2\/product_cat?post=9692"},{"taxonomy":"product_tag","embeddable":true,"href":"http:\/\/www.assosmetal.com.tr\/public_html\/wp-json\/wp\/v2\/product_tag?post=9692"}],"curies":[{"name":"wp","href":"https:\/\/api.w.org\/{rel}","templated":true}]}}