{"id":9694,"date":"2025-02-13T17:04:27","date_gmt":"2025-02-13T17:04:27","guid":{"rendered":"http:\/\/www.assosmetal.com.tr\/public_html\/?post_type=product&#038;p=9694"},"modified":"2025-02-13T17:04:27","modified_gmt":"2025-02-13T17:04:27","slug":"romabond-kontakt-yapistirici-15-kg","status":"publish","type":"product","link":"http:\/\/www.assosmetal.com.tr\/public_html\/urun\/romabond-kontakt-yapistirici-15-kg\/","title":{"rendered":"Romabond Kontakt Yap\u0131\u015ft\u0131r\u0131c\u0131 15 Kg"},"content":{"rendered":"<p><strong>Standart kalitedeki kal\u0131n ve ince laminatlar\u0131n, do\u011fal ah\u015fap kaplamalar\u0131n \u00f6zellikle emici olmayan y\u00fczeylere (\u00e7elik, metal vb.) yap\u0131\u015ft\u0131r\u0131lmas\u0131nda kullan\u0131lan polikloroplen bazl\u0131, genel ama\u00e7l\u0131 bir yap\u0131\u015ft\u0131r\u0131c\u0131d\u0131r.<\/strong><\/p>\n<p>&nbsp;<\/p>\n<p><strong>Uygun viskozitesi sayesinde f\u0131r\u00e7a ve rulo yard\u0131m\u0131yla y\u00fczeylere s\u00fcr\u00fclme esnas\u0131nda homojen yay\u0131lma sa\u011flar.<\/strong><\/p>\n","protected":false},"excerpt":{"rendered":"<p>Standart kalitedeki kal\u0131n ve ince laminatlar\u0131n, do\u011fal ah\u015fap kaplamalar\u0131n \u00f6zellikle emici olmayan y\u00fczeylere (\u00e7elik, metal vb.) yap\u0131\u015ft\u0131r\u0131lmas\u0131nda kullan\u0131lan polikloroplen bazl\u0131, genel ama\u00e7l\u0131 bir yap\u0131\u015ft\u0131r\u0131c\u0131d\u0131r. &nbsp; Uygun viskozitesi sayesinde f\u0131r\u00e7a ve rulo yard\u0131m\u0131yla y\u00fczeylere s\u00fcr\u00fclme esnas\u0131nda homojen yay\u0131lma sa\u011flar.<\/p>\n","protected":false},"featured_media":9690,"comment_status":"open","ping_status":"closed","template":"","meta":[],"product_brand":[],"product_cat":[74],"product_tag":[],"class_list":{"0":"post-9694","1":"product","2":"type-product","3":"status-publish","4":"has-post-thumbnail","6":"product_cat-kontak-yapistiricilar","8":"first","9":"instock","10":"shipping-taxable","11":"product-type-simple"},"jetpack_sharing_enabled":true,"_links":{"self":[{"href":"http:\/\/www.assosmetal.com.tr\/public_html\/wp-json\/wp\/v2\/product\/9694","targetHints":{"allow":["GET"]}}],"collection":[{"href":"http:\/\/www.assosmetal.com.tr\/public_html\/wp-json\/wp\/v2\/product"}],"about":[{"href":"http:\/\/www.assosmetal.com.tr\/public_html\/wp-json\/wp\/v2\/types\/product"}],"replies":[{"embeddable":true,"href":"http:\/\/www.assosmetal.com.tr\/public_html\/wp-json\/wp\/v2\/comments?post=9694"}],"version-history":[{"count":1,"href":"http:\/\/www.assosmetal.com.tr\/public_html\/wp-json\/wp\/v2\/product\/9694\/revisions"}],"predecessor-version":[{"id":9695,"href":"http:\/\/www.assosmetal.com.tr\/public_html\/wp-json\/wp\/v2\/product\/9694\/revisions\/9695"}],"wp:featuredmedia":[{"embeddable":true,"href":"http:\/\/www.assosmetal.com.tr\/public_html\/wp-json\/wp\/v2\/media\/9690"}],"wp:attachment":[{"href":"http:\/\/www.assosmetal.com.tr\/public_html\/wp-json\/wp\/v2\/media?parent=9694"}],"wp:term":[{"taxonomy":"product_brand","embeddable":true,"href":"http:\/\/www.assosmetal.com.tr\/public_html\/wp-json\/wp\/v2\/product_brand?post=9694"},{"taxonomy":"product_cat","embeddable":true,"href":"http:\/\/www.assosmetal.com.tr\/public_html\/wp-json\/wp\/v2\/product_cat?post=9694"},{"taxonomy":"product_tag","embeddable":true,"href":"http:\/\/www.assosmetal.com.tr\/public_html\/wp-json\/wp\/v2\/product_tag?post=9694"}],"curies":[{"name":"wp","href":"https:\/\/api.w.org\/{rel}","templated":true}]}}