{"id":9698,"date":"2025-02-13T17:27:07","date_gmt":"2025-02-13T17:27:07","guid":{"rendered":"http:\/\/www.assosmetal.com.tr\/public_html\/?post_type=product&#038;p=9698"},"modified":"2025-02-13T17:27:07","modified_gmt":"2025-02-13T17:27:07","slug":"bison-montage-kit-super-guclu","status":"publish","type":"product","link":"http:\/\/www.assosmetal.com.tr\/public_html\/urun\/bison-montage-kit-super-guclu\/","title":{"rendered":"Bison Montage Kit S\u00fcper G\u00fc\u00e7l\u00fc"},"content":{"rendered":"<p><strong>Ah\u015fap, ta\u015f, beton, metal gibi her t\u00fcrl\u00fc (bina) malzemeyi beton, ta\u015f, al\u00e7\u0131, ah\u015fap, sunta, metal ve sentetik gibi her t\u00fcrl\u00fc y\u00fczeye monte etmek i\u00e7in idealdir.<\/strong><\/p>\n<p><strong>Ah\u015fap \u00e7er\u00e7eve, s\u00fcp\u00fcrgelikler, kap\u0131 basamaklar\u0131, pencere e\u015fikleri, in\u015faat tahtalar\u0131, paneller, \u00e7\u0131talar, ah\u015fap \u015feritler, kanallar, isim plakalar\u0131, ev numaralar\u0131, duvar kaplama levhalar\u0131, paneller, e\u015fikler, seramik karolar, s\u00fcspansiyon kancalar\u0131, prizler, elektrik kutular\u0131.<\/strong><\/p>\n<p><strong>Hem dahili hem de harici olarak uygulanabilir.\u00a0<\/strong><\/p>\n<p><strong>Ayr\u0131ca, g\u00f6zeneksiz iki malzemenin yap\u0131\u015ft\u0131r\u0131lmas\u0131 ve gerilme alt\u0131ndaki malzemelerin birle\u015ftirilmesi i\u00e7in de uygundur.<\/strong><\/p>\n<ul>\n<li>\u00c7ok y\u00fcksek nihai yap\u0131\u015fma mukavemeti<\/li>\n<li>Dahili ve harici kullan\u0131labilir<\/li>\n<li>Uygulamas\u0131 kolay<\/li>\n<li>Zor malzemeler i\u00e7in uygun<\/li>\n<li>G\u00f6zeneksiz malzemeleri bir araya getirmek i\u00e7in uygundur<\/li>\n<li>Kal\u0131c\u0131 elastik<\/li>\n<li>Evrensel olarak uygulanabilir<\/li>\n<li>P\u00fcr\u00fczl\u00fc y\u00fczeyler i\u00e7in uygundur<\/li>\n<li>K\u0131saca d\u00fczeltilebilir<\/li>\n<li>Suya dayan\u0131kl\u0131l\u0131k<\/li>\n<li>S\u0131cakl\u0131\u011fa dayan\u0131kl\u0131<\/li>\n<li>Kapat\u0131labilir a\u011f\u0131zl\u0131<\/li>\n<\/ul>\n","protected":false},"excerpt":{"rendered":"<p>Ah\u015fap, ta\u015f, beton, metal gibi her t\u00fcrl\u00fc (bina) malzemeyi beton, ta\u015f, al\u00e7\u0131, ah\u015fap, sunta, metal ve sentetik gibi her t\u00fcrl\u00fc y\u00fczeye monte etmek i\u00e7in idealdir. Ah\u015fap \u00e7er\u00e7eve, s\u00fcp\u00fcrgelikler, kap\u0131 basamaklar\u0131, pencere e\u015fikleri, in\u015faat tahtalar\u0131, paneller, \u00e7\u0131talar, ah\u015fap \u015feritler, kanallar, isim plakalar\u0131, ev numaralar\u0131, duvar kaplama levhalar\u0131, paneller, e\u015fikler, seramik karolar, s\u00fcspansiyon kancalar\u0131, prizler, elektrik kutular\u0131. [&hellip;]<\/p>\n","protected":false},"featured_media":9700,"comment_status":"open","ping_status":"closed","template":"","meta":[],"product_brand":[],"product_cat":[37],"product_tag":[],"class_list":{"0":"post-9698","1":"product","2":"type-product","3":"status-publish","4":"has-post-thumbnail","6":"product_cat-montaj-yapistiricilar","8":"first","9":"instock","10":"shipping-taxable","11":"product-type-simple"},"jetpack_sharing_enabled":true,"_links":{"self":[{"href":"http:\/\/www.assosmetal.com.tr\/public_html\/wp-json\/wp\/v2\/product\/9698","targetHints":{"allow":["GET"]}}],"collection":[{"href":"http:\/\/www.assosmetal.com.tr\/public_html\/wp-json\/wp\/v2\/product"}],"about":[{"href":"http:\/\/www.assosmetal.com.tr\/public_html\/wp-json\/wp\/v2\/types\/product"}],"replies":[{"embeddable":true,"href":"http:\/\/www.assosmetal.com.tr\/public_html\/wp-json\/wp\/v2\/comments?post=9698"}],"version-history":[{"count":1,"href":"http:\/\/www.assosmetal.com.tr\/public_html\/wp-json\/wp\/v2\/product\/9698\/revisions"}],"predecessor-version":[{"id":9716,"href":"http:\/\/www.assosmetal.com.tr\/public_html\/wp-json\/wp\/v2\/product\/9698\/revisions\/9716"}],"wp:featuredmedia":[{"embeddable":true,"href":"http:\/\/www.assosmetal.com.tr\/public_html\/wp-json\/wp\/v2\/media\/9700"}],"wp:attachment":[{"href":"http:\/\/www.assosmetal.com.tr\/public_html\/wp-json\/wp\/v2\/media?parent=9698"}],"wp:term":[{"taxonomy":"product_brand","embeddable":true,"href":"http:\/\/www.assosmetal.com.tr\/public_html\/wp-json\/wp\/v2\/product_brand?post=9698"},{"taxonomy":"product_cat","embeddable":true,"href":"http:\/\/www.assosmetal.com.tr\/public_html\/wp-json\/wp\/v2\/product_cat?post=9698"},{"taxonomy":"product_tag","embeddable":true,"href":"http:\/\/www.assosmetal.com.tr\/public_html\/wp-json\/wp\/v2\/product_tag?post=9698"}],"curies":[{"name":"wp","href":"https:\/\/api.w.org\/{rel}","templated":true}]}}