{"id":9719,"date":"2025-02-13T17:29:40","date_gmt":"2025-02-13T17:29:40","guid":{"rendered":"http:\/\/www.assosmetal.com.tr\/public_html\/?post_type=product&#038;p=9719"},"modified":"2025-02-13T17:30:07","modified_gmt":"2025-02-13T17:30:07","slug":"magneto-deniz-tutkali-1-kg","status":"publish","type":"product","link":"http:\/\/www.assosmetal.com.tr\/public_html\/urun\/magneto-deniz-tutkali-1-kg\/","title":{"rendered":"Magneto Deniz Tutkal\u0131 1 Kg"},"content":{"rendered":"<p><strong>Ah\u015fap Beton Tu\u011fla ve Metal y\u00fczeylere \u00e7ok g\u00fc\u00e7l\u00fc yap\u0131\u015fan tek komponentli poli\u00fcretan yap\u0131\u015ft\u0131r\u0131c\u0131<\/strong><\/p>\n<ul>\n<li>Hemen her t\u00fcrl\u00fc ah\u015fab\u0131 birbirine metale baz\u0131 plastiklere ta\u015f tu\u011fla ve betona yap\u0131\u015ft\u0131rmada<\/li>\n<li>Ah\u015fap yap\u0131 \u00fcr\u00fcnlerinin yap\u0131\u015ft\u0131rlamas\u0131 ve tamirinde.<\/li>\n<li>Mobilya \u00dcretiminde ve tamirinde<\/li>\n<\/ul>\n","protected":false},"excerpt":{"rendered":"<p>Ah\u015fap Beton Tu\u011fla ve Metal y\u00fczeylere \u00e7ok g\u00fc\u00e7l\u00fc yap\u0131\u015fan tek komponentli poli\u00fcretan yap\u0131\u015ft\u0131r\u0131c\u0131 Hemen her t\u00fcrl\u00fc ah\u015fab\u0131 birbirine metale baz\u0131 plastiklere ta\u015f tu\u011fla ve betona yap\u0131\u015ft\u0131rmada Ah\u015fap yap\u0131 \u00fcr\u00fcnlerinin yap\u0131\u015ft\u0131rlamas\u0131 ve tamirinde. Mobilya \u00dcretiminde ve tamirinde<\/p>\n","protected":false},"featured_media":9702,"comment_status":"open","ping_status":"closed","template":"","meta":[],"product_brand":[],"product_cat":[37],"product_tag":[],"class_list":{"0":"post-9719","1":"product","2":"type-product","3":"status-publish","4":"has-post-thumbnail","6":"product_cat-montaj-yapistiricilar","8":"first","9":"instock","10":"shipping-taxable","11":"product-type-simple"},"jetpack_sharing_enabled":true,"_links":{"self":[{"href":"http:\/\/www.assosmetal.com.tr\/public_html\/wp-json\/wp\/v2\/product\/9719","targetHints":{"allow":["GET"]}}],"collection":[{"href":"http:\/\/www.assosmetal.com.tr\/public_html\/wp-json\/wp\/v2\/product"}],"about":[{"href":"http:\/\/www.assosmetal.com.tr\/public_html\/wp-json\/wp\/v2\/types\/product"}],"replies":[{"embeddable":true,"href":"http:\/\/www.assosmetal.com.tr\/public_html\/wp-json\/wp\/v2\/comments?post=9719"}],"version-history":[{"count":1,"href":"http:\/\/www.assosmetal.com.tr\/public_html\/wp-json\/wp\/v2\/product\/9719\/revisions"}],"predecessor-version":[{"id":9720,"href":"http:\/\/www.assosmetal.com.tr\/public_html\/wp-json\/wp\/v2\/product\/9719\/revisions\/9720"}],"wp:featuredmedia":[{"embeddable":true,"href":"http:\/\/www.assosmetal.com.tr\/public_html\/wp-json\/wp\/v2\/media\/9702"}],"wp:attachment":[{"href":"http:\/\/www.assosmetal.com.tr\/public_html\/wp-json\/wp\/v2\/media?parent=9719"}],"wp:term":[{"taxonomy":"product_brand","embeddable":true,"href":"http:\/\/www.assosmetal.com.tr\/public_html\/wp-json\/wp\/v2\/product_brand?post=9719"},{"taxonomy":"product_cat","embeddable":true,"href":"http:\/\/www.assosmetal.com.tr\/public_html\/wp-json\/wp\/v2\/product_cat?post=9719"},{"taxonomy":"product_tag","embeddable":true,"href":"http:\/\/www.assosmetal.com.tr\/public_html\/wp-json\/wp\/v2\/product_tag?post=9719"}],"curies":[{"name":"wp","href":"https:\/\/api.w.org\/{rel}","templated":true}]}}