{"id":9723,"date":"2025-02-13T17:32:56","date_gmt":"2025-02-13T17:32:56","guid":{"rendered":"http:\/\/www.assosmetal.com.tr\/public_html\/?post_type=product&#038;p=9723"},"modified":"2025-02-13T17:57:02","modified_gmt":"2025-02-13T17:57:02","slug":"pattex-pl-600-montaj-kit","status":"publish","type":"product","link":"http:\/\/www.assosmetal.com.tr\/public_html\/urun\/pattex-pl-600-montaj-kit\/","title":{"rendered":"Pattex PL 600 Montaj Kit"},"content":{"rendered":"<p><strong>Kau\u00e7uk esasl\u0131 solvent bazl\u0131 yap\u0131\u015ft\u0131r\u0131c\u0131 \u00e7ok y\u00fcksek tutunma g\u00fcc\u00fc, d\u0131\u015f hava ko\u015fullar\u0131na dayan\u0131kl\u0131d\u0131r .<\/strong><\/p>\n<p>&nbsp;<\/p>\n<p><strong>\u00c7ok y\u00fcksek ilk tutunma kayma yapmaz .<\/strong><\/p>\n<p><strong>Emici olan ve olmayan y\u00fczeylerde m\u00fckemmel yap\u0131\u015fma ve h\u0131zl\u0131 kuruma .<\/strong><\/p>\n<p><strong>Y\u00fcksek bo\u015fluk doldurma kapasitesi .<\/strong><\/p>\n<p><strong>Yatay ve d\u00fc\u015fey uygulamalar i\u00e7in uygundur .<\/strong><\/p>\n<p><strong>D\u0131\u015f hava ko\u015fullar\u0131na, kimyasallara ve suya dayan\u0131kl\u0131d\u0131r.<\/strong><\/p>\n<ul>\n<li>\u0130\u00e7 ve d\u0131\u015f mekanda emici olan ya da olmayan t\u00fcm y\u00fczeylerde kullan\u0131labilen, \u00e7ivi yada vida gerektirmeden montaj yap\u0131lmas\u0131n\u0131 sa\u011flayan in\u015faat &amp; montaj yap\u0131\u015ft\u0131r\u0131c\u0131s\u0131d\u0131r.<\/li>\n<li>\u00c7ok y\u00fcksek ilk tutunma sa\u011flar, kayma yapmaz<\/li>\n<li>Emici olan ve olmayan y\u00fczeylere m\u00fckemmel yap\u0131\u015f\u0131r ve h\u0131zl\u0131 kurur<\/li>\n<li>Y\u00fcksek bo\u015fluk doldurma kapasitesine sahip<\/li>\n<li>Yatay ve d\u00fc\u015fey uygulamalar i\u00e7in uygun<\/li>\n<li>D\u0131\u015f hava ko\u015fullar\u0131na, kimyasallara ve suya dayan\u0131kl\u0131<\/li>\n<\/ul>\n","protected":false},"excerpt":{"rendered":"<p>Kau\u00e7uk esasl\u0131 solvent bazl\u0131 yap\u0131\u015ft\u0131r\u0131c\u0131 \u00e7ok y\u00fcksek tutunma g\u00fcc\u00fc, d\u0131\u015f hava ko\u015fullar\u0131na dayan\u0131kl\u0131d\u0131r . &nbsp; \u00c7ok y\u00fcksek ilk tutunma kayma yapmaz . Emici olan ve olmayan y\u00fczeylerde m\u00fckemmel yap\u0131\u015fma ve h\u0131zl\u0131 kuruma . Y\u00fcksek bo\u015fluk doldurma kapasitesi . Yatay ve d\u00fc\u015fey uygulamalar i\u00e7in uygundur . D\u0131\u015f hava ko\u015fullar\u0131na, kimyasallara ve suya dayan\u0131kl\u0131d\u0131r. \u0130\u00e7 ve d\u0131\u015f [&hellip;]<\/p>\n","protected":false},"featured_media":9704,"comment_status":"open","ping_status":"closed","template":"","meta":[],"product_brand":[],"product_cat":[37],"product_tag":[],"class_list":{"0":"post-9723","1":"product","2":"type-product","3":"status-publish","4":"has-post-thumbnail","6":"product_cat-montaj-yapistiricilar","8":"first","9":"instock","10":"shipping-taxable","11":"product-type-simple"},"jetpack_sharing_enabled":true,"_links":{"self":[{"href":"http:\/\/www.assosmetal.com.tr\/public_html\/wp-json\/wp\/v2\/product\/9723","targetHints":{"allow":["GET"]}}],"collection":[{"href":"http:\/\/www.assosmetal.com.tr\/public_html\/wp-json\/wp\/v2\/product"}],"about":[{"href":"http:\/\/www.assosmetal.com.tr\/public_html\/wp-json\/wp\/v2\/types\/product"}],"replies":[{"embeddable":true,"href":"http:\/\/www.assosmetal.com.tr\/public_html\/wp-json\/wp\/v2\/comments?post=9723"}],"version-history":[{"count":1,"href":"http:\/\/www.assosmetal.com.tr\/public_html\/wp-json\/wp\/v2\/product\/9723\/revisions"}],"predecessor-version":[{"id":9724,"href":"http:\/\/www.assosmetal.com.tr\/public_html\/wp-json\/wp\/v2\/product\/9723\/revisions\/9724"}],"wp:featuredmedia":[{"embeddable":true,"href":"http:\/\/www.assosmetal.com.tr\/public_html\/wp-json\/wp\/v2\/media\/9704"}],"wp:attachment":[{"href":"http:\/\/www.assosmetal.com.tr\/public_html\/wp-json\/wp\/v2\/media?parent=9723"}],"wp:term":[{"taxonomy":"product_brand","embeddable":true,"href":"http:\/\/www.assosmetal.com.tr\/public_html\/wp-json\/wp\/v2\/product_brand?post=9723"},{"taxonomy":"product_cat","embeddable":true,"href":"http:\/\/www.assosmetal.com.tr\/public_html\/wp-json\/wp\/v2\/product_cat?post=9723"},{"taxonomy":"product_tag","embeddable":true,"href":"http:\/\/www.assosmetal.com.tr\/public_html\/wp-json\/wp\/v2\/product_tag?post=9723"}],"curies":[{"name":"wp","href":"https:\/\/api.w.org\/{rel}","templated":true}]}}