{"id":9733,"date":"2025-02-13T17:43:43","date_gmt":"2025-02-13T17:43:43","guid":{"rendered":"http:\/\/www.assosmetal.com.tr\/public_html\/?post_type=product&#038;p=9733"},"modified":"2025-02-13T18:02:48","modified_gmt":"2025-02-13T18:02:48","slug":"tytan-professional-deniz-tutkali-d4","status":"publish","type":"product","link":"http:\/\/www.assosmetal.com.tr\/public_html\/urun\/tytan-professional-deniz-tutkali-d4\/","title":{"rendered":"Tytan Professional Deniz Tutkal\u0131 D4"},"content":{"rendered":"<p><strong>Tek bile\u015fenli poli\u00fcretan bazl\u0131 yap\u0131\u015ft\u0131r\u0131c\u0131.<\/strong><\/p>\n<p>&nbsp;<\/p>\n<p><strong>D4 ge\u00e7irmezlik s\u0131n\u0131f\u0131nda olan \u00fcr\u00fcn, k\u00fcrle\u015fti\u011finde \u00e7ok \u00e7e\u015fitli s\u0131cakl\u0131klara dayan\u0131kl\u0131, esnek bir ba\u011flant\u0131 olu\u015fturur (PN-EN 204 standard\u0131na uygun olarak).<\/strong><\/p>\n<p><strong>UYGULAMALAR:<\/strong><\/p>\n<p><strong>T\u00fcm ah\u015fap malzemelerin (egzotik ah\u015fap dahil)<\/strong><br \/>\n<strong>yap\u0131\u015ft\u0131r\u0131lmas\u0131nda<\/strong><br \/>\n<strong>Pencere, kap\u0131lar\u0131n ve \u00e7\u0131kma merdivenleri<\/strong><br \/>\n<strong>yap\u0131\u015ft\u0131rmada<\/strong><br \/>\n<strong>Ah\u015fap bah\u00e7e mobilyalar\u0131n\u0131n montaj\u0131nda ve<\/strong><br \/>\n<strong>onar\u0131lmas\u0131nda<\/strong><br \/>\n<strong>Bot ve yat in\u015faat malzemelerinin yap\u0131\u015ft\u0131r\u0131lmas\u0131nda<\/strong><br \/>\n<strong>Sac, polistiren ve yal\u0131t\u0131m malzemelerin<\/strong><br \/>\n<strong>yap\u0131\u015ft\u0131r\u0131lmas\u0131nda<\/strong><\/p>\n<p><strong>AVANTAJLARI:<\/strong><\/p>\n<p><strong>Y\u00fcksek verim (0,12\u20130,25 kg\/m\u00b2)<\/strong><br \/>\n<strong>D4 su dayan\u0131m s\u0131n\u0131f\u0131 (PN EN 204)<\/strong><br \/>\n<strong>H\u0131zl\u0131 yap\u0131\u015fma<\/strong><br \/>\n<strong>Geni\u015f uygulama yelpazesi<\/strong><br \/>\n<strong>Dayan\u0131kl\u0131 ve esnek bir derz olu\u015fturur<\/strong><br \/>\n<strong>Kolay kullan\u0131m<\/strong><\/p>\n<ul>\n<li>Renk: Bej, \u015feffaf<\/li>\n<li>\u00c7al\u0131\u015fma zaman\u0131: 5\u201320 dakika<\/li>\n<li>Ba\u011flama s\u00fcresi: 1\u20132 saat<\/li>\n<li>S\u0131cakl\u0131k dayan\u0131m\u0131: -40\u00b0C ile +80\u00b0C aras\u0131nda<\/li>\n<\/ul>\n","protected":false},"excerpt":{"rendered":"<p>Tek bile\u015fenli poli\u00fcretan bazl\u0131 yap\u0131\u015ft\u0131r\u0131c\u0131. &nbsp; D4 ge\u00e7irmezlik s\u0131n\u0131f\u0131nda olan \u00fcr\u00fcn, k\u00fcrle\u015fti\u011finde \u00e7ok \u00e7e\u015fitli s\u0131cakl\u0131klara dayan\u0131kl\u0131, esnek bir ba\u011flant\u0131 olu\u015fturur (PN-EN 204 standard\u0131na uygun olarak). UYGULAMALAR: T\u00fcm ah\u015fap malzemelerin (egzotik ah\u015fap dahil) yap\u0131\u015ft\u0131r\u0131lmas\u0131nda Pencere, kap\u0131lar\u0131n ve \u00e7\u0131kma merdivenleri yap\u0131\u015ft\u0131rmada Ah\u015fap bah\u00e7e mobilyalar\u0131n\u0131n montaj\u0131nda ve onar\u0131lmas\u0131nda Bot ve yat in\u015faat malzemelerinin yap\u0131\u015ft\u0131r\u0131lmas\u0131nda Sac, polistiren ve yal\u0131t\u0131m [&hellip;]<\/p>\n","protected":false},"featured_media":9709,"comment_status":"open","ping_status":"closed","template":"","meta":[],"product_brand":[],"product_cat":[37],"product_tag":[],"class_list":{"0":"post-9733","1":"product","2":"type-product","3":"status-publish","4":"has-post-thumbnail","6":"product_cat-montaj-yapistiricilar","8":"first","9":"instock","10":"shipping-taxable","11":"product-type-simple"},"jetpack_sharing_enabled":true,"_links":{"self":[{"href":"http:\/\/www.assosmetal.com.tr\/public_html\/wp-json\/wp\/v2\/product\/9733","targetHints":{"allow":["GET"]}}],"collection":[{"href":"http:\/\/www.assosmetal.com.tr\/public_html\/wp-json\/wp\/v2\/product"}],"about":[{"href":"http:\/\/www.assosmetal.com.tr\/public_html\/wp-json\/wp\/v2\/types\/product"}],"replies":[{"embeddable":true,"href":"http:\/\/www.assosmetal.com.tr\/public_html\/wp-json\/wp\/v2\/comments?post=9733"}],"version-history":[{"count":1,"href":"http:\/\/www.assosmetal.com.tr\/public_html\/wp-json\/wp\/v2\/product\/9733\/revisions"}],"predecessor-version":[{"id":9734,"href":"http:\/\/www.assosmetal.com.tr\/public_html\/wp-json\/wp\/v2\/product\/9733\/revisions\/9734"}],"wp:featuredmedia":[{"embeddable":true,"href":"http:\/\/www.assosmetal.com.tr\/public_html\/wp-json\/wp\/v2\/media\/9709"}],"wp:attachment":[{"href":"http:\/\/www.assosmetal.com.tr\/public_html\/wp-json\/wp\/v2\/media?parent=9733"}],"wp:term":[{"taxonomy":"product_brand","embeddable":true,"href":"http:\/\/www.assosmetal.com.tr\/public_html\/wp-json\/wp\/v2\/product_brand?post=9733"},{"taxonomy":"product_cat","embeddable":true,"href":"http:\/\/www.assosmetal.com.tr\/public_html\/wp-json\/wp\/v2\/product_cat?post=9733"},{"taxonomy":"product_tag","embeddable":true,"href":"http:\/\/www.assosmetal.com.tr\/public_html\/wp-json\/wp\/v2\/product_tag?post=9733"}],"curies":[{"name":"wp","href":"https:\/\/api.w.org\/{rel}","templated":true}]}}