{"id":9735,"date":"2025-02-13T17:45:18","date_gmt":"2025-02-13T17:45:18","guid":{"rendered":"http:\/\/www.assosmetal.com.tr\/public_html\/?post_type=product&#038;p=9735"},"modified":"2025-02-13T17:57:35","modified_gmt":"2025-02-13T17:57:35","slug":"tytan-professional-fast-fix-montaj-yapistirici","status":"publish","type":"product","link":"http:\/\/www.assosmetal.com.tr\/public_html\/urun\/tytan-professional-fast-fix-montaj-yapistirici\/","title":{"rendered":"Tytan Professional Fast Fix Montaj Yap\u0131\u015ft\u0131r\u0131c\u0131"},"content":{"rendered":"<p><strong>5 Saniyede ilk tutunmaya sahip, t\u00fcm montaj ve yap\u0131\u015ft\u0131rma i\u015flerinde kullan\u0131labilen MS polymer esasl\u0131 bir yap\u0131\u015ft\u0131r\u0131c\u0131d\u0131r.<\/strong><\/p>\n<p><strong>A\u011f\u0131r malzemelerin t\u00fcm y\u00fczeylere yap\u0131\u015ft\u0131r\u0131lmas\u0131nda ve kullan\u0131lmas\u0131nda kullan\u0131l\u0131r.<\/strong><\/p>\n<p><strong>UYGULAMALAR:<\/strong><\/p>\n<p><strong>\u0130n\u015faatta kullan\u0131lan b\u00fct\u00fcn y\u00fczeylere (PP, PE, Teflon<\/strong><br \/>\n<strong>ve bit\u00fcm hari\u00e7): ah\u015fap, cam, ayna, metal, ta\u015f, PVC,<\/strong><br \/>\n<strong>seramik fayanslar, polistiren, tu\u011fla, al\u00e7\u0131, mermer vs.<\/strong><br \/>\n<strong>\u00d6zellikle mekanik ba\u011flant\u0131 elemanlar\u0131<\/strong><br \/>\n<strong>kullan\u0131lmadan, malzemelerin duvarlara, cephelere<\/strong><br \/>\n<strong>veya tavanlara yap\u0131\u015ft\u0131r\u0131lmas\u0131 i\u00e7in tavsiye edilir<\/strong><br \/>\n<strong>Aynalar\u0131n yap\u0131\u015ft\u0131r\u0131lmas\u0131na uygundur<\/strong><\/p>\n<p><strong>AVANTAJLARI:<\/strong><\/p>\n<p><strong>5 saniyede tutunur<\/strong><br \/>\n<strong>Y\u00fcksek ilk tutunma: 350 kg\/10 cm\u00b2<\/strong><br \/>\n<strong>T\u00fcm malzemelere uyumludur.<\/strong><br \/>\n<strong>Su ge\u00e7irmez<\/strong><br \/>\n<strong>\u0130\u00e7 ve d\u0131\u015f mekanda kullan\u0131labilir<\/strong><br \/>\n<strong>Ekolojik: solvent, silikon izosiyanatlar<\/strong><br \/>\n<strong>i\u00e7ermez<\/strong><br \/>\n<strong>Do\u011fal metalleri a\u015f\u0131nd\u0131rmaz, hassas<\/strong><br \/>\n<strong>y\u00fczeylere zarar vermez<\/strong><br \/>\n<strong>Boyanabilir<\/strong><br \/>\n<strong>Solvent i\u00e7ermez<\/strong><\/p>\n<ul>\n<li>Baz: MS Polimer<\/li>\n<li>Y\u00fcksek ilk tutunma: 350 kg\/10 cm\u00b2<\/li>\n<li>Renk: beyaz<\/li>\n<li>Kabuk yapma s\u00fcresi: 15 dk.<\/li>\n<li>K\u00fcrlenme oran\u0131: 3 mm\/24 saat<\/li>\n<li>Uygulama s\u0131cakl\u0131\u011f\u0131: +10\u00b0C ile +25\u00b0C aras\u0131nda<\/li>\n<li>S\u0131cakl\u0131k dayan\u0131m\u0131: -40\u00b0C ile +80 aras\u0131nda<\/li>\n<\/ul>\n","protected":false},"excerpt":{"rendered":"<p>5 Saniyede ilk tutunmaya sahip, t\u00fcm montaj ve yap\u0131\u015ft\u0131rma i\u015flerinde kullan\u0131labilen MS polymer esasl\u0131 bir yap\u0131\u015ft\u0131r\u0131c\u0131d\u0131r. A\u011f\u0131r malzemelerin t\u00fcm y\u00fczeylere yap\u0131\u015ft\u0131r\u0131lmas\u0131nda ve kullan\u0131lmas\u0131nda kullan\u0131l\u0131r. UYGULAMALAR: \u0130n\u015faatta kullan\u0131lan b\u00fct\u00fcn y\u00fczeylere (PP, PE, Teflon ve bit\u00fcm hari\u00e7): ah\u015fap, cam, ayna, metal, ta\u015f, PVC, seramik fayanslar, polistiren, tu\u011fla, al\u00e7\u0131, mermer vs. \u00d6zellikle mekanik ba\u011flant\u0131 elemanlar\u0131 kullan\u0131lmadan, malzemelerin duvarlara, [&hellip;]<\/p>\n","protected":false},"featured_media":9710,"comment_status":"open","ping_status":"closed","template":"","meta":[],"product_brand":[],"product_cat":[37],"product_tag":[],"class_list":{"0":"post-9735","1":"product","2":"type-product","3":"status-publish","4":"has-post-thumbnail","6":"product_cat-montaj-yapistiricilar","8":"first","9":"instock","10":"shipping-taxable","11":"product-type-simple"},"jetpack_sharing_enabled":true,"_links":{"self":[{"href":"http:\/\/www.assosmetal.com.tr\/public_html\/wp-json\/wp\/v2\/product\/9735","targetHints":{"allow":["GET"]}}],"collection":[{"href":"http:\/\/www.assosmetal.com.tr\/public_html\/wp-json\/wp\/v2\/product"}],"about":[{"href":"http:\/\/www.assosmetal.com.tr\/public_html\/wp-json\/wp\/v2\/types\/product"}],"replies":[{"embeddable":true,"href":"http:\/\/www.assosmetal.com.tr\/public_html\/wp-json\/wp\/v2\/comments?post=9735"}],"version-history":[{"count":1,"href":"http:\/\/www.assosmetal.com.tr\/public_html\/wp-json\/wp\/v2\/product\/9735\/revisions"}],"predecessor-version":[{"id":9736,"href":"http:\/\/www.assosmetal.com.tr\/public_html\/wp-json\/wp\/v2\/product\/9735\/revisions\/9736"}],"wp:featuredmedia":[{"embeddable":true,"href":"http:\/\/www.assosmetal.com.tr\/public_html\/wp-json\/wp\/v2\/media\/9710"}],"wp:attachment":[{"href":"http:\/\/www.assosmetal.com.tr\/public_html\/wp-json\/wp\/v2\/media?parent=9735"}],"wp:term":[{"taxonomy":"product_brand","embeddable":true,"href":"http:\/\/www.assosmetal.com.tr\/public_html\/wp-json\/wp\/v2\/product_brand?post=9735"},{"taxonomy":"product_cat","embeddable":true,"href":"http:\/\/www.assosmetal.com.tr\/public_html\/wp-json\/wp\/v2\/product_cat?post=9735"},{"taxonomy":"product_tag","embeddable":true,"href":"http:\/\/www.assosmetal.com.tr\/public_html\/wp-json\/wp\/v2\/product_tag?post=9735"}],"curies":[{"name":"wp","href":"https:\/\/api.w.org\/{rel}","templated":true}]}}