{"id":9737,"date":"2025-02-13T17:46:30","date_gmt":"2025-02-13T17:46:30","guid":{"rendered":"http:\/\/www.assosmetal.com.tr\/public_html\/?post_type=product&#038;p=9737"},"modified":"2025-02-13T17:57:49","modified_gmt":"2025-02-13T17:57:49","slug":"tytan-professional-jet-fix-montaj-yapistirici","status":"publish","type":"product","link":"http:\/\/www.assosmetal.com.tr\/public_html\/urun\/tytan-professional-jet-fix-montaj-yapistirici\/","title":{"rendered":"Tytan Professional Jet Fix Montaj Yap\u0131\u015ft\u0131r\u0131c\u0131"},"content":{"rendered":"<p><strong>H\u0131zl\u0131 k\u00fcrle\u015fen ve \u00e7ok g\u00fc\u00e7l\u00fc hibrit esasl\u0131 montaj yap\u0131\u015ft\u0131r\u0131c\u0131s\u0131. Uygulamadan 20 dakika sonra y\u00fczeyle g\u00fc\u00e7l\u00fc bir ba\u011f olu\u015fturur ve tam g\u00fcc\u00fcne 3 saat sonras\u0131nda ula\u015f\u0131r.<\/strong><\/p>\n<p>&nbsp;<\/p>\n<p><strong>Olu\u015fan ba\u011f titre\u015fimleri tamamen s\u00f6n\u00fcmler ve hava ko\u015fullar\u0131na, seyreltilmi\u015f kimyasallara, UV \u0131\u015f\u0131nlar\u0131na kar\u015f\u0131 dayan\u0131kl\u0131d\u0131r.<\/strong><\/p>\n<p><strong>UYGULAMALAR:<\/strong><\/p>\n<p><strong>Beton, al\u00e7\u0131, sunta, ah\u015fap, tu\u011fla, cam gibi geni\u015f bir<\/strong><br \/>\n<strong>yelpazedeki malzemelerin yap\u0131\u015ft\u0131r\u0131lmas\u0131nda<\/strong><br \/>\n<strong>D\u00f6\u015feme levhalar\u0131, e\u015fikler, paneller<\/strong><br \/>\n<strong>Ah\u015fap dekoratif malzemeleri, mukavva, metal, ta\u015f,<\/strong><br \/>\n<strong>laminant, geni\u015fletilmi\u015f polistiren (EPS), mermer<\/strong><br \/>\n<strong>yap\u0131\u015ft\u0131r\u0131lmas\u0131nda<\/strong><br \/>\n<strong>Plastikleri yap\u0131\u015ft\u0131rmada<\/strong><\/p>\n<p><strong>AVANTAJLARI:<\/strong><\/p>\n<p><strong>8 x daha h\u0131zl\u0131 kuruma<\/strong><br \/>\n<strong>20 dk sonras\u0131 tam k\u00fcrlenme<\/strong><br \/>\n<strong>T\u00fcm malzemelere uygulanabilme<\/strong><br \/>\n<strong>Nemli y\u00fczeylerde kullan\u0131labilir<\/strong><br \/>\n<strong>Su dayan\u0131m\u0131<\/strong><br \/>\n<strong>\u0130\u00e7 ve d\u0131\u015f mekan kullan\u0131m\u0131na uygun<\/strong><br \/>\n<strong>Ekolojik: solventler, silikonlar ve izosiyanat i\u00e7ermez<\/strong><br \/>\n<strong>Metalleri a\u015f\u0131nd\u0131rmaz, hassas y\u00fczeylere zarar vermez<\/strong><br \/>\n<strong>Ek yeri boyanabilir<\/strong><\/p>\n<ul>\n<li>Renk: beyaz<\/li>\n<li>D\u00fczeltme zaman\u0131: 5 dk.<\/li>\n<li>Yakla\u015f\u0131k 3 saat sonra tam mukavamet<\/li>\n<li>\u00c7ok y\u00fcksek yap\u0131\u015fma g\u00fcc\u00fc: 400 kg\/ 10 cm\u00b2<\/li>\n<li>S\u0131cakl\u0131k direnci: -30\u00b0C ile +90\u00b0C aras\u0131nda<\/li>\n<li>D\u00fc\u015f\u00fck emisyon \u00fcr\u00fcn\u00fc<\/li>\n<\/ul>\n","protected":false},"excerpt":{"rendered":"<p>H\u0131zl\u0131 k\u00fcrle\u015fen ve \u00e7ok g\u00fc\u00e7l\u00fc hibrit esasl\u0131 montaj yap\u0131\u015ft\u0131r\u0131c\u0131s\u0131. Uygulamadan 20 dakika sonra y\u00fczeyle g\u00fc\u00e7l\u00fc bir ba\u011f olu\u015fturur ve tam g\u00fcc\u00fcne 3 saat sonras\u0131nda ula\u015f\u0131r. &nbsp; Olu\u015fan ba\u011f titre\u015fimleri tamamen s\u00f6n\u00fcmler ve hava ko\u015fullar\u0131na, seyreltilmi\u015f kimyasallara, UV \u0131\u015f\u0131nlar\u0131na kar\u015f\u0131 dayan\u0131kl\u0131d\u0131r. UYGULAMALAR: Beton, al\u00e7\u0131, sunta, ah\u015fap, tu\u011fla, cam gibi geni\u015f bir yelpazedeki malzemelerin yap\u0131\u015ft\u0131r\u0131lmas\u0131nda D\u00f6\u015feme levhalar\u0131, [&hellip;]<\/p>\n","protected":false},"featured_media":9711,"comment_status":"open","ping_status":"closed","template":"","meta":[],"product_brand":[],"product_cat":[37],"product_tag":[],"class_list":{"0":"post-9737","1":"product","2":"type-product","3":"status-publish","4":"has-post-thumbnail","6":"product_cat-montaj-yapistiricilar","8":"first","9":"instock","10":"shipping-taxable","11":"product-type-simple"},"jetpack_sharing_enabled":true,"_links":{"self":[{"href":"http:\/\/www.assosmetal.com.tr\/public_html\/wp-json\/wp\/v2\/product\/9737","targetHints":{"allow":["GET"]}}],"collection":[{"href":"http:\/\/www.assosmetal.com.tr\/public_html\/wp-json\/wp\/v2\/product"}],"about":[{"href":"http:\/\/www.assosmetal.com.tr\/public_html\/wp-json\/wp\/v2\/types\/product"}],"replies":[{"embeddable":true,"href":"http:\/\/www.assosmetal.com.tr\/public_html\/wp-json\/wp\/v2\/comments?post=9737"}],"version-history":[{"count":1,"href":"http:\/\/www.assosmetal.com.tr\/public_html\/wp-json\/wp\/v2\/product\/9737\/revisions"}],"predecessor-version":[{"id":9738,"href":"http:\/\/www.assosmetal.com.tr\/public_html\/wp-json\/wp\/v2\/product\/9737\/revisions\/9738"}],"wp:featuredmedia":[{"embeddable":true,"href":"http:\/\/www.assosmetal.com.tr\/public_html\/wp-json\/wp\/v2\/media\/9711"}],"wp:attachment":[{"href":"http:\/\/www.assosmetal.com.tr\/public_html\/wp-json\/wp\/v2\/media?parent=9737"}],"wp:term":[{"taxonomy":"product_brand","embeddable":true,"href":"http:\/\/www.assosmetal.com.tr\/public_html\/wp-json\/wp\/v2\/product_brand?post=9737"},{"taxonomy":"product_cat","embeddable":true,"href":"http:\/\/www.assosmetal.com.tr\/public_html\/wp-json\/wp\/v2\/product_cat?post=9737"},{"taxonomy":"product_tag","embeddable":true,"href":"http:\/\/www.assosmetal.com.tr\/public_html\/wp-json\/wp\/v2\/product_tag?post=9737"}],"curies":[{"name":"wp","href":"https:\/\/api.w.org\/{rel}","templated":true}]}}