{"id":9743,"date":"2025-02-13T17:50:41","date_gmt":"2025-02-13T17:50:41","guid":{"rendered":"http:\/\/www.assosmetal.com.tr\/public_html\/?post_type=product&#038;p=9743"},"modified":"2025-02-13T17:58:42","modified_gmt":"2025-02-13T17:58:42","slug":"tytan-professional-power-flex-montaj-yapistirici","status":"publish","type":"product","link":"http:\/\/www.assosmetal.com.tr\/public_html\/urun\/tytan-professional-power-flex-montaj-yapistirici\/","title":{"rendered":"Tytan Professional Power Flex Montaj Yap\u0131\u015ft\u0131r\u0131c\u0131"},"content":{"rendered":"<p><strong>MS Polimer esasl\u0131 y\u00fcksek kaliteli yap\u0131\u015ft\u0131r\u0131c\u0131. Bir\u00e7ok farkl\u0131 malzemenin yap\u0131\u015ft\u0131rma ve s\u0131zd\u0131rmazl\u0131\u011f\u0131n\u0131 sa\u011flamada vazge\u00e7ilmezdir.<\/strong><\/p>\n<p><strong>Geleneksel montaj yap\u0131\u015ft\u0131r\u0131c\u0131lar\u0131 ve s\u0131zd\u0131rmazl\u0131\u011f\u0131 sa\u011flayan \u00fcr\u00fcnlerin avatajlar\u0131n\u0131 bir arada toplay\u0131p, dezavantajlar\u0131n\u0131da ortadan kald\u0131ran 2\u2019si 1<\/strong><br \/>\n<strong>arada olan bir \u00fcr\u00fcnd\u00fcr.<\/strong><\/p>\n<p><strong>\u00dcr\u00fcn\u00fcn geni\u015f bir renk yelpazesi vard\u0131r.<\/strong><\/p>\n<p><strong>UYGULAMALAR:<\/strong><\/p>\n<p><strong>Bir yap\u0131\u015ft\u0131r\u0131c\u0131 olarak:<\/strong><br \/>\n<strong>T\u00fcm yap\u0131 malzemelerinin yap\u0131\u015fmas\u0131nda, e.g. do\u011fal<\/strong><br \/>\n<strong>ta\u015f, tu\u011fla, beton, cam, ayna, ah\u015fap, metal, polistiren,<\/strong><br \/>\n<strong>plastik (PE, PP, Teflon, bitum hari\u00e7)<\/strong><br \/>\n<strong>Bir dolgu macunu olarak:<\/strong><br \/>\n<strong>Banyo silikonu, do\u011fal silikon, cam silikonu, \u00e7at\u0131<\/strong><br \/>\n<strong>yal\u0131t\u0131m\u0131, poli\u00fcretan yap\u0131\u015ft\u0131r\u0131c\u0131 olarak kullan\u0131labilir<\/strong><\/p>\n<p><strong>AVANTAJLAR:<\/strong><\/p>\n<p><strong>T\u00fcm alt tabakaya muhte\u015fem yap\u0131\u015fma<\/strong><br \/>\n<strong>\u00c7ok esnek<\/strong><br \/>\n<strong>B\u00fcz\u00fclme yok<\/strong><br \/>\n<strong>K\u00fcf ve mantar olu\u015fumunu dayan\u0131kl\u0131<\/strong><br \/>\n<strong>Su ge\u00e7irmez<\/strong><br \/>\n<strong>\u00c7ok y\u00fcksek kimyasal ve mekanik dayan\u0131m \u0130\u00e7 ve d\u0131\u015f mekanda kullan\u0131m<\/strong><br \/>\n<strong>Ekolojik: solventler, silikonlar and<\/strong><br \/>\n<strong>izosiyonatlar i\u00e7ermez<\/strong><br \/>\n<strong>Do\u011fal: metalleri a\u015f\u0131nd\u0131rmaz, hassas y\u00fczeylere zarar vermez<\/strong><br \/>\n<strong>Boyanabilir<\/strong><br \/>\n<strong>Derz i\u00e7in 10 y\u0131l garanti<\/strong><\/p>\n<ul>\n<li>Renk: \u015feffaf (100% kristal berrakl\u0131\u011f\u0131),<\/li>\n<li>\u00c7al\u0131\u015fma s\u00fcresi: 10\u201320 dakika<\/li>\n<li>K\u00fcrlenme oran\u0131: 2-4 mm\/ 24 saat<\/li>\n<li>Y\u00fcksek yap\u0131\u015fma mukavemeti: 300 kg\/ 10 cm\u00b2<\/li>\n<li>Uygulama s\u0131cakl\u0131\u011f\u0131: +5\u00b0C ile +30\u00b0C aras\u0131nda<\/li>\n<li>S\u0131cakl\u0131k dayan\u0131m\u0131: &lt; +60\u00b0C<\/li>\n<li>D\u00fc\u015f\u00fck emisyon oran\u0131 (\u015feffaf versiyon)<\/li>\n<\/ul>\n","protected":false},"excerpt":{"rendered":"<p>MS Polimer esasl\u0131 y\u00fcksek kaliteli yap\u0131\u015ft\u0131r\u0131c\u0131. Bir\u00e7ok farkl\u0131 malzemenin yap\u0131\u015ft\u0131rma ve s\u0131zd\u0131rmazl\u0131\u011f\u0131n\u0131 sa\u011flamada vazge\u00e7ilmezdir. Geleneksel montaj yap\u0131\u015ft\u0131r\u0131c\u0131lar\u0131 ve s\u0131zd\u0131rmazl\u0131\u011f\u0131 sa\u011flayan \u00fcr\u00fcnlerin avatajlar\u0131n\u0131 bir arada toplay\u0131p, dezavantajlar\u0131n\u0131da ortadan kald\u0131ran 2\u2019si 1 arada olan bir \u00fcr\u00fcnd\u00fcr. \u00dcr\u00fcn\u00fcn geni\u015f bir renk yelpazesi vard\u0131r. UYGULAMALAR: Bir yap\u0131\u015ft\u0131r\u0131c\u0131 olarak: T\u00fcm yap\u0131 malzemelerinin yap\u0131\u015fmas\u0131nda, e.g. do\u011fal ta\u015f, tu\u011fla, beton, cam, ayna, [&hellip;]<\/p>\n","protected":false},"featured_media":9714,"comment_status":"open","ping_status":"closed","template":"","meta":[],"product_brand":[],"product_cat":[37],"product_tag":[],"class_list":{"0":"post-9743","1":"product","2":"type-product","3":"status-publish","4":"has-post-thumbnail","6":"product_cat-montaj-yapistiricilar","8":"first","9":"instock","10":"shipping-taxable","11":"product-type-simple"},"jetpack_sharing_enabled":true,"_links":{"self":[{"href":"http:\/\/www.assosmetal.com.tr\/public_html\/wp-json\/wp\/v2\/product\/9743","targetHints":{"allow":["GET"]}}],"collection":[{"href":"http:\/\/www.assosmetal.com.tr\/public_html\/wp-json\/wp\/v2\/product"}],"about":[{"href":"http:\/\/www.assosmetal.com.tr\/public_html\/wp-json\/wp\/v2\/types\/product"}],"replies":[{"embeddable":true,"href":"http:\/\/www.assosmetal.com.tr\/public_html\/wp-json\/wp\/v2\/comments?post=9743"}],"version-history":[{"count":1,"href":"http:\/\/www.assosmetal.com.tr\/public_html\/wp-json\/wp\/v2\/product\/9743\/revisions"}],"predecessor-version":[{"id":9744,"href":"http:\/\/www.assosmetal.com.tr\/public_html\/wp-json\/wp\/v2\/product\/9743\/revisions\/9744"}],"wp:featuredmedia":[{"embeddable":true,"href":"http:\/\/www.assosmetal.com.tr\/public_html\/wp-json\/wp\/v2\/media\/9714"}],"wp:attachment":[{"href":"http:\/\/www.assosmetal.com.tr\/public_html\/wp-json\/wp\/v2\/media?parent=9743"}],"wp:term":[{"taxonomy":"product_brand","embeddable":true,"href":"http:\/\/www.assosmetal.com.tr\/public_html\/wp-json\/wp\/v2\/product_brand?post=9743"},{"taxonomy":"product_cat","embeddable":true,"href":"http:\/\/www.assosmetal.com.tr\/public_html\/wp-json\/wp\/v2\/product_cat?post=9743"},{"taxonomy":"product_tag","embeddable":true,"href":"http:\/\/www.assosmetal.com.tr\/public_html\/wp-json\/wp\/v2\/product_tag?post=9743"}],"curies":[{"name":"wp","href":"https:\/\/api.w.org\/{rel}","templated":true}]}}