{"id":9759,"date":"2025-02-13T18:15:08","date_gmt":"2025-02-13T18:15:08","guid":{"rendered":"http:\/\/www.assosmetal.com.tr\/public_html\/?post_type=product&#038;p=9759"},"modified":"2025-02-13T18:15:09","modified_gmt":"2025-02-13T18:15:09","slug":"tytan-professional-styro-753-pu-tabancali-mantolama-kopugu","status":"publish","type":"product","link":"http:\/\/www.assosmetal.com.tr\/public_html\/urun\/tytan-professional-styro-753-pu-tabancali-mantolama-kopugu\/","title":{"rendered":"Tytan Professional Styro 753 Pu Tabancal\u0131 Mantolama K\u00f6p\u00fc\u011f\u00fc"},"content":{"rendered":"<p><strong>Binalar\u0131n d\u0131\u015f cephe izolasyonunda, EPS ve XPS levhalar\u0131n d\u0131\u015f cepheye, \u00e7at\u0131ya ve zeminlere yap\u0131\u015ft\u0131r\u0131lmas\u0131n\u0131 sa\u011flar.<\/strong><\/p>\n<p><strong>\u00d6zellikle d\u0131\u015f cephe \u0131s\u0131 yal\u0131t\u0131m sistemlerinde (ETICS) kullan\u0131lan t\u00fcm polistiren yal\u0131t\u0131m levhalar\u0131 ile uyumludur.<\/strong><\/p>\n<p><strong>Bina duvarlar\u0131na elastik ve g\u00fc\u00e7l\u00fc yap\u0131\u015fma sa\u011flamaktad\u0131r.<\/strong><\/p>\n<p><strong>UYGULAMALAR:<\/strong><\/p>\n<p><strong>Yal\u0131t\u0131m levhalar\u0131n\u0131n (EPS, XPS, PIR, PUR) bina<\/strong><br \/>\n<strong>cephelerine yap\u0131\u015ft\u0131r\u0131lmas\u0131nda<\/strong><br \/>\n<strong>S\u00f6ve ve dekoratif panellerin yap\u0131\u015ft\u0131r\u0131lmas\u0131<\/strong><br \/>\n<strong>Zemin ve \u00e7at\u0131larda izolasyon levhalar\u0131n\u0131n yap\u0131\u015ft\u0131r\u0131lmas\u0131nda<\/strong><br \/>\n<strong>Binalar\u0131n temellerinin yal\u0131t\u0131m\u0131nda<\/strong><br \/>\n<strong>Yal\u0131t\u0131m levhalar\u0131n\u0131n bir \u00e7ok yap\u0131 y\u00fczeyine yap\u0131\u015ft\u0131r\u0131lmas\u0131<\/strong><br \/>\n<strong>\u00c7atlaklar\u0131n\u0131n izolasyonu<\/strong><br \/>\n<strong>Dekoratif elementlerin yap\u0131\u015ft\u0131r\u0131lmas\u0131<\/strong><\/p>\n<p><strong>AVANTAJLARI:<\/strong><\/p>\n<p><strong>G\u00fc\u00e7l\u00fc ve dayan\u0131kl\u0131 yap\u0131\u015fma sa\u011flar<\/strong><br \/>\n<strong>M\u00fckemmmel yal\u0131t\u0131m sa\u011flar<\/strong><br \/>\n<strong>Suya dayan\u0131kl\u0131d\u0131r<\/strong><br \/>\n<strong>Is\u0131 k\u00f6pr\u00fclerini azalt\u0131r<\/strong><br \/>\n<strong>Y\u00fczeyi deforme etmez<\/strong><br \/>\n<strong>Mantar ve k\u00fcf olu\u015fumunu azalt\u0131r<\/strong><br \/>\n<strong>\u00c7al\u0131\u015fma s\u00fcresini k\u0131salt\u0131r<\/strong><br \/>\n<strong>MDI (sa\u011fl\u0131\u011fa zararl\u0131 gaz) sal\u0131n\u0131m\u0131 yoktur<\/strong><br \/>\n<strong>Geli\u015ftirilmi\u015f \u0130\u015f G\u00fcvenli\u011fi<\/strong><\/p>\n<ul>\n<li>Renk: mavi<\/li>\n<li>Tam k\u00fcrlenme s\u00fcresi:24 saat<\/li>\n<li>Metal teneke s\u0131cakl\u0131\u011f\u0131: +10\u00b0C ile +30 C aras\u0131nda<\/li>\n<li>Ortam s\u0131cakl\u0131\u011f\u0131: 0\u00b0C ile +30\u00b0C aras\u0131nda<\/li>\n<li>Yang\u0131n s\u0131n\u0131f\u0131: B3<\/li>\n<li>Raf \u00f6mr\u00fc: 12 ay<\/li>\n<\/ul>\n","protected":false},"excerpt":{"rendered":"<p>Binalar\u0131n d\u0131\u015f cephe izolasyonunda, EPS ve XPS levhalar\u0131n d\u0131\u015f cepheye, \u00e7at\u0131ya ve zeminlere yap\u0131\u015ft\u0131r\u0131lmas\u0131n\u0131 sa\u011flar. \u00d6zellikle d\u0131\u015f cephe \u0131s\u0131 yal\u0131t\u0131m sistemlerinde (ETICS) kullan\u0131lan t\u00fcm polistiren yal\u0131t\u0131m levhalar\u0131 ile uyumludur. Bina duvarlar\u0131na elastik ve g\u00fc\u00e7l\u00fc yap\u0131\u015fma sa\u011flamaktad\u0131r. UYGULAMALAR: Yal\u0131t\u0131m levhalar\u0131n\u0131n (EPS, XPS, PIR, PUR) bina cephelerine yap\u0131\u015ft\u0131r\u0131lmas\u0131nda S\u00f6ve ve dekoratif panellerin yap\u0131\u015ft\u0131r\u0131lmas\u0131 Zemin ve \u00e7at\u0131larda izolasyon [&hellip;]<\/p>\n","protected":false},"featured_media":9752,"comment_status":"open","ping_status":"closed","template":"","meta":[],"product_brand":[42],"product_cat":[75],"product_tag":[],"class_list":{"0":"post-9759","1":"product","2":"type-product","3":"status-publish","4":"has-post-thumbnail","6":"product_brand-tytan","7":"product_cat-yapistirici-kopukler","9":"first","10":"instock","11":"shipping-taxable","12":"product-type-simple"},"jetpack_sharing_enabled":true,"_links":{"self":[{"href":"http:\/\/www.assosmetal.com.tr\/public_html\/wp-json\/wp\/v2\/product\/9759","targetHints":{"allow":["GET"]}}],"collection":[{"href":"http:\/\/www.assosmetal.com.tr\/public_html\/wp-json\/wp\/v2\/product"}],"about":[{"href":"http:\/\/www.assosmetal.com.tr\/public_html\/wp-json\/wp\/v2\/types\/product"}],"replies":[{"embeddable":true,"href":"http:\/\/www.assosmetal.com.tr\/public_html\/wp-json\/wp\/v2\/comments?post=9759"}],"version-history":[{"count":1,"href":"http:\/\/www.assosmetal.com.tr\/public_html\/wp-json\/wp\/v2\/product\/9759\/revisions"}],"predecessor-version":[{"id":9760,"href":"http:\/\/www.assosmetal.com.tr\/public_html\/wp-json\/wp\/v2\/product\/9759\/revisions\/9760"}],"wp:featuredmedia":[{"embeddable":true,"href":"http:\/\/www.assosmetal.com.tr\/public_html\/wp-json\/wp\/v2\/media\/9752"}],"wp:attachment":[{"href":"http:\/\/www.assosmetal.com.tr\/public_html\/wp-json\/wp\/v2\/media?parent=9759"}],"wp:term":[{"taxonomy":"product_brand","embeddable":true,"href":"http:\/\/www.assosmetal.com.tr\/public_html\/wp-json\/wp\/v2\/product_brand?post=9759"},{"taxonomy":"product_cat","embeddable":true,"href":"http:\/\/www.assosmetal.com.tr\/public_html\/wp-json\/wp\/v2\/product_cat?post=9759"},{"taxonomy":"product_tag","embeddable":true,"href":"http:\/\/www.assosmetal.com.tr\/public_html\/wp-json\/wp\/v2\/product_tag?post=9759"}],"curies":[{"name":"wp","href":"https:\/\/api.w.org\/{rel}","templated":true}]}}