{"id":9765,"date":"2025-02-13T18:19:28","date_gmt":"2025-02-13T18:19:28","guid":{"rendered":"http:\/\/www.assosmetal.com.tr\/public_html\/?post_type=product&#038;p=9765"},"modified":"2025-02-13T18:19:28","modified_gmt":"2025-02-13T18:19:28","slug":"tytan-professional-thermospray-pu-yalitim-tabancali-kopuk","status":"publish","type":"product","link":"http:\/\/www.assosmetal.com.tr\/public_html\/urun\/tytan-professional-thermospray-pu-yalitim-tabancali-kopuk\/","title":{"rendered":"Tytan Professional Thermospray PU Yal\u0131t\u0131m Tabancal\u0131 K\u00f6p\u00fck"},"content":{"rendered":"<p><strong>Thermospray poli\u00fcretan bazl\u0131 tek komponentli kullan\u0131ma haz\u0131r yal\u0131t\u0131m k\u00f6p\u00fc\u011f\u00fcd\u00fcr.<\/strong><\/p>\n<p>&nbsp;<\/p>\n<p><strong>\u00dcr\u00fcn g\u00fc\u00e7l\u00fc yap\u0131\u015fma g\u00fcc\u00fcne sahiptir ve \u00f6zel TY-JET\u00ae P\u00fcsk\u00fcrtme Nozulu ile birlikte uygulama yap\u0131l\u0131r.<\/strong><\/p>\n<p><strong>TY-JET P\u00fcsk\u00fcrtme Nozulu k\u00f6p\u00fc\u011f\u00fcn, geni\u015f bir alana yay\u0131lacak \u015fekilde ah\u015fap, metal, tu\u011fla, beton gibi \u00e7e\u015fitli d\u00fcz ya da d\u00fczensiz y\u00fczeylere p\u00fcsk\u00fcrt\u00fclmesini sa\u011flar.<\/strong><\/p>\n<p><strong>Pipetli ve Tabancal\u0131 versiyonu bulunmaktad\u0131r.<\/strong><\/p>\n<p><strong>UYGULAMALAR:<\/strong><\/p>\n<p><strong>D\u0131\u015f duvarlar<\/strong><br \/>\n<strong>\u0130\u00e7 duvarlar<\/strong><br \/>\n<strong>\u00c7at\u0131 aralar\u0131<\/strong><br \/>\n<strong>Boru ve kanallar<\/strong><br \/>\n<strong>Konteyn\u0131rlar<\/strong><br \/>\n<strong>Bozuk ve d\u00fczensiz t\u00fcm y\u00fczeyler<\/strong><\/p>\n<p><strong>AVANTAJLARI:<\/strong><\/p>\n<p><strong>\u00dcst\u00fcn termo akustik yal\u0131t\u0131m<\/strong><br \/>\n<strong>\u00c7e\u015fitli y\u00fczeylere g\u00fc\u00e7l\u00fc yap\u0131\u015fma<\/strong><br \/>\n<strong>1 saatte 10 m2\u2019ye kadar \u00e7al\u0131\u015fma h\u0131z\u0131<\/strong><br \/>\n<strong>Homojen yap\u0131s\u0131 sayesinde \u0131s\u0131 k\u00f6pr\u00fcs\u00fc olu\u015fumununengellenmesi<\/strong><br \/>\n<strong>Uygulama sonras\u0131 herhangi bir mekanik ba\u011flay\u0131c\u0131<\/strong><br \/>\n<strong>ile sabitlemeye gerek olmamas\u0131<\/strong><\/p>\n<ul>\n<li>Verim : 3 cm kal\u0131nl\u0131\u011f\u0131nda 2 m2\u2019ye kadar<\/li>\n<li>Teneke s\u0131cakl\u0131\u011f\u0131: +15\u00b0C ile +30\u00b0C aras\u0131nda<\/li>\n<li>K\u00fcrlenme sonras\u0131 s\u0131cakl\u0131k dayan\u0131m\u0131:<\/li>\n<li>65\u00b0C ile +115\u00b0C aras\u0131nda<\/li>\n<li>Is\u0131 iletkenlik katsay\u0131s\u0131 (\u03bb) : 0,036 W\/m*K<\/li>\n<li>Akustik yal\u0131t\u0131m: 62 Db<\/li>\n<li>Tam k\u00fcrlenme: 24 sa<\/li>\n<li>Kesme s\u00fcresi: 30 dk<\/li>\n<li>Yang\u0131n s\u0131n\u0131f\u0131: B3\/F (DIN 4102)<\/li>\n<li>Raf \u00f6mr\u00fc: 12 ay<\/li>\n<\/ul>\n","protected":false},"excerpt":{"rendered":"<p>Thermospray poli\u00fcretan bazl\u0131 tek komponentli kullan\u0131ma haz\u0131r yal\u0131t\u0131m k\u00f6p\u00fc\u011f\u00fcd\u00fcr. &nbsp; \u00dcr\u00fcn g\u00fc\u00e7l\u00fc yap\u0131\u015fma g\u00fcc\u00fcne sahiptir ve \u00f6zel TY-JET\u00ae P\u00fcsk\u00fcrtme Nozulu ile birlikte uygulama yap\u0131l\u0131r. TY-JET P\u00fcsk\u00fcrtme Nozulu k\u00f6p\u00fc\u011f\u00fcn, geni\u015f bir alana yay\u0131lacak \u015fekilde ah\u015fap, metal, tu\u011fla, beton gibi \u00e7e\u015fitli d\u00fcz ya da d\u00fczensiz y\u00fczeylere p\u00fcsk\u00fcrt\u00fclmesini sa\u011flar. Pipetli ve Tabancal\u0131 versiyonu bulunmaktad\u0131r. UYGULAMALAR: D\u0131\u015f duvarlar \u0130\u00e7 [&hellip;]<\/p>\n","protected":false},"featured_media":9755,"comment_status":"open","ping_status":"closed","template":"","meta":[],"product_brand":[42],"product_cat":[75],"product_tag":[],"class_list":{"0":"post-9765","1":"product","2":"type-product","3":"status-publish","4":"has-post-thumbnail","6":"product_brand-tytan","7":"product_cat-yapistirici-kopukler","9":"first","10":"instock","11":"shipping-taxable","12":"product-type-simple"},"jetpack_sharing_enabled":true,"_links":{"self":[{"href":"http:\/\/www.assosmetal.com.tr\/public_html\/wp-json\/wp\/v2\/product\/9765","targetHints":{"allow":["GET"]}}],"collection":[{"href":"http:\/\/www.assosmetal.com.tr\/public_html\/wp-json\/wp\/v2\/product"}],"about":[{"href":"http:\/\/www.assosmetal.com.tr\/public_html\/wp-json\/wp\/v2\/types\/product"}],"replies":[{"embeddable":true,"href":"http:\/\/www.assosmetal.com.tr\/public_html\/wp-json\/wp\/v2\/comments?post=9765"}],"version-history":[{"count":1,"href":"http:\/\/www.assosmetal.com.tr\/public_html\/wp-json\/wp\/v2\/product\/9765\/revisions"}],"predecessor-version":[{"id":9766,"href":"http:\/\/www.assosmetal.com.tr\/public_html\/wp-json\/wp\/v2\/product\/9765\/revisions\/9766"}],"wp:featuredmedia":[{"embeddable":true,"href":"http:\/\/www.assosmetal.com.tr\/public_html\/wp-json\/wp\/v2\/media\/9755"}],"wp:attachment":[{"href":"http:\/\/www.assosmetal.com.tr\/public_html\/wp-json\/wp\/v2\/media?parent=9765"}],"wp:term":[{"taxonomy":"product_brand","embeddable":true,"href":"http:\/\/www.assosmetal.com.tr\/public_html\/wp-json\/wp\/v2\/product_brand?post=9765"},{"taxonomy":"product_cat","embeddable":true,"href":"http:\/\/www.assosmetal.com.tr\/public_html\/wp-json\/wp\/v2\/product_cat?post=9765"},{"taxonomy":"product_tag","embeddable":true,"href":"http:\/\/www.assosmetal.com.tr\/public_html\/wp-json\/wp\/v2\/product_tag?post=9765"}],"curies":[{"name":"wp","href":"https:\/\/api.w.org\/{rel}","templated":true}]}}