{"id":9767,"date":"2025-02-13T18:21:54","date_gmt":"2025-02-13T18:21:54","guid":{"rendered":"http:\/\/www.assosmetal.com.tr\/public_html\/?post_type=product&#038;p=9767"},"modified":"2025-02-13T18:21:54","modified_gmt":"2025-02-13T18:21:54","slug":"tytan-professional-polyfix-silikonize-mastik","status":"publish","type":"product","link":"http:\/\/www.assosmetal.com.tr\/public_html\/urun\/tytan-professional-polyfix-silikonize-mastik\/","title":{"rendered":"Tytan Professional Polyfix Silikonize Mastik"},"content":{"rendered":"<p><strong>\u0130\u00e7 ve d\u0131\u015f mekanlarda k\u00fcfe dayan\u0131kl\u0131, y\u00fcksek yap\u0131\u015fma g\u00fcc\u00fcne sahip, boyanabilen derz dolgu ve izolasyon masti\u011fidir.<\/strong><\/p>\n<p><strong>UYGULAMALAR:<\/strong><\/p>\n<p><strong>Kap\u0131 ve pencere pervazlar\u0131nda<\/strong><br \/>\n<strong>Ah\u015fap, al\u00e7\u0131, polikarbonat ve PVC gibi in\u015faat<\/strong><br \/>\n<strong>elemanlar\u0131n\u0131n birle\u015fim yerlerinde<\/strong><br \/>\n<strong>Al\u00fcminyum ve cam\u0131n birle\u015fim noktalar\u0131nda<\/strong><\/p>\n<p><strong>AVANTAJLARI:<\/strong><\/p>\n<p><strong>G\u00f6zenekli ve g\u00f6zeneksiz y\u00fczeylerde m\u00fckemmel tutunma<\/strong><br \/>\n<strong>Kuruduktan sonra esnektir<\/strong><br \/>\n<strong>Su le temizlenebilir<\/strong><br \/>\n<strong>Boyanabilir<\/strong><br \/>\n<strong>\u00c7\u00f6kmez ve \u00e7atlamaz<\/strong><\/p>\n<ul>\n<li>Renk: beyaz, bronz, siyah, gri, kahverengi, alt\u0131nme\u015fe, krem, antrasit gri<\/li>\n<li>Yo\u011funluk: 1,66-1,68 g\/ml<\/li>\n<li>Shore A hardness (ISO 868): 40-45<\/li>\n<li>Kabuk yapma s\u00fcresi: 10-20 dk.<\/li>\n<li>S\u0131cakl\u0131k dayan\u0131m\u0131: -20 ile +80 aras\u0131nda<\/li>\n<li>K\u00fcrlenme oran\u0131: 0,5mm &#8211; 1,0mm\/ 24 saat (+23\u00b0C, 50% ba\u011f\u0131l nem)<\/li>\n<\/ul>\n","protected":false},"excerpt":{"rendered":"<p>\u0130\u00e7 ve d\u0131\u015f mekanlarda k\u00fcfe dayan\u0131kl\u0131, y\u00fcksek yap\u0131\u015fma g\u00fcc\u00fcne sahip, boyanabilen derz dolgu ve izolasyon masti\u011fidir. UYGULAMALAR: Kap\u0131 ve pencere pervazlar\u0131nda Ah\u015fap, al\u00e7\u0131, polikarbonat ve PVC gibi in\u015faat elemanlar\u0131n\u0131n birle\u015fim yerlerinde Al\u00fcminyum ve cam\u0131n birle\u015fim noktalar\u0131nda AVANTAJLARI: G\u00f6zenekli ve g\u00f6zeneksiz y\u00fczeylerde m\u00fckemmel tutunma Kuruduktan sonra esnektir Su le temizlenebilir Boyanabilir \u00c7\u00f6kmez ve \u00e7atlamaz Renk: beyaz, [&hellip;]<\/p>\n","protected":false},"featured_media":9768,"comment_status":"open","ping_status":"closed","template":"","meta":[],"product_brand":[42],"product_cat":[76],"product_tag":[],"class_list":{"0":"post-9767","1":"product","2":"type-product","3":"status-publish","4":"has-post-thumbnail","6":"product_brand-tytan","7":"product_cat-genel-amacli-silikonlar","9":"first","10":"instock","11":"shipping-taxable","12":"product-type-simple"},"jetpack_sharing_enabled":true,"_links":{"self":[{"href":"http:\/\/www.assosmetal.com.tr\/public_html\/wp-json\/wp\/v2\/product\/9767","targetHints":{"allow":["GET"]}}],"collection":[{"href":"http:\/\/www.assosmetal.com.tr\/public_html\/wp-json\/wp\/v2\/product"}],"about":[{"href":"http:\/\/www.assosmetal.com.tr\/public_html\/wp-json\/wp\/v2\/types\/product"}],"replies":[{"embeddable":true,"href":"http:\/\/www.assosmetal.com.tr\/public_html\/wp-json\/wp\/v2\/comments?post=9767"}],"version-history":[{"count":1,"href":"http:\/\/www.assosmetal.com.tr\/public_html\/wp-json\/wp\/v2\/product\/9767\/revisions"}],"predecessor-version":[{"id":9771,"href":"http:\/\/www.assosmetal.com.tr\/public_html\/wp-json\/wp\/v2\/product\/9767\/revisions\/9771"}],"wp:featuredmedia":[{"embeddable":true,"href":"http:\/\/www.assosmetal.com.tr\/public_html\/wp-json\/wp\/v2\/media\/9768"}],"wp:attachment":[{"href":"http:\/\/www.assosmetal.com.tr\/public_html\/wp-json\/wp\/v2\/media?parent=9767"}],"wp:term":[{"taxonomy":"product_brand","embeddable":true,"href":"http:\/\/www.assosmetal.com.tr\/public_html\/wp-json\/wp\/v2\/product_brand?post=9767"},{"taxonomy":"product_cat","embeddable":true,"href":"http:\/\/www.assosmetal.com.tr\/public_html\/wp-json\/wp\/v2\/product_cat?post=9767"},{"taxonomy":"product_tag","embeddable":true,"href":"http:\/\/www.assosmetal.com.tr\/public_html\/wp-json\/wp\/v2\/product_tag?post=9767"}],"curies":[{"name":"wp","href":"https:\/\/api.w.org\/{rel}","templated":true}]}}