{"id":9774,"date":"2025-02-13T18:25:04","date_gmt":"2025-02-13T18:25:04","guid":{"rendered":"http:\/\/www.assosmetal.com.tr\/public_html\/?post_type=product&#038;p=9774"},"modified":"2025-02-13T18:25:04","modified_gmt":"2025-02-13T18:25:04","slug":"tytan-professional-universal-silikon","status":"publish","type":"product","link":"http:\/\/www.assosmetal.com.tr\/public_html\/urun\/tytan-professional-universal-silikon\/","title":{"rendered":"Tytan Professional Universal Silikon"},"content":{"rendered":"<p><strong>\u0130n\u015faat, dekorasyon ve izolasyon i\u015flerinde dolgu ve montaj ama\u00e7l\u0131 kullan\u0131lmak \u00fczere geli\u015ftirilen dayan\u0131kl\u0131 ve esnek silikon.<\/strong><\/p>\n<p><strong>UYGULAMALAR:<\/strong><\/p>\n<p><strong>Kap\u0131 pencere \u00e7er\u00e7evelerinin dolgusu ve montaj\u0131nda<\/strong><br \/>\n<strong>Mutfak, banyo ve lavabolar\u0131n etraf\u0131ndaki ba\u011flant\u0131 yerlerinde<\/strong><br \/>\n<strong>PVC borular\u0131n yal\u0131t\u0131m\u0131nda<\/strong><br \/>\n<strong>Konteynerlar\u0131n yal\u0131t\u0131m\u0131nda<\/strong><br \/>\n<strong>K\u00fc\u00e7\u00fck tamirat ve dolgu i\u015flerinde<\/strong><\/p>\n<p><strong>AVANTAJLARI:<\/strong><\/p>\n<p><strong>G\u00f6zeneksiz y\u00fczeylere m\u00fckemmel tutunma<\/strong><br \/>\n<strong>Kal\u0131c\u0131 renkler<\/strong><br \/>\n<strong>Kolay uygulama<\/strong><br \/>\n<strong>Fungusit i\u00e7erir<\/strong><br \/>\n<strong>Kuruduktan sonra esnektir<\/strong><\/p>\n<ul>\n<li>Renk: \u015feffaf, beyaz, siyah<\/li>\n<li>Uygulama s\u0131cakl\u0131\u011f\u0131: +5\u00b0C ile +40\u00b0C aras\u0131nda<\/li>\n<li>Shore A sertlik (ISO 868): 21 \u00b1 3<\/li>\n<li>S\u0131cakl\u0131k dayan\u0131m\u0131: -40\u00b0C ile +100\u00b0C aras\u0131nda<\/li>\n<li>Kabuk yapma s\u00fcresi: 5-30 dk.<\/li>\n<li>K\u00fcrlenme oran\u0131: 2-3 mm\/24 saat<\/li>\n<\/ul>\n","protected":false},"excerpt":{"rendered":"<p>\u0130n\u015faat, dekorasyon ve izolasyon i\u015flerinde dolgu ve montaj ama\u00e7l\u0131 kullan\u0131lmak \u00fczere geli\u015ftirilen dayan\u0131kl\u0131 ve esnek silikon. UYGULAMALAR: Kap\u0131 pencere \u00e7er\u00e7evelerinin dolgusu ve montaj\u0131nda Mutfak, banyo ve lavabolar\u0131n etraf\u0131ndaki ba\u011flant\u0131 yerlerinde PVC borular\u0131n yal\u0131t\u0131m\u0131nda Konteynerlar\u0131n yal\u0131t\u0131m\u0131nda K\u00fc\u00e7\u00fck tamirat ve dolgu i\u015flerinde AVANTAJLARI: G\u00f6zeneksiz y\u00fczeylere m\u00fckemmel tutunma Kal\u0131c\u0131 renkler Kolay uygulama Fungusit i\u00e7erir Kuruduktan sonra esnektir Renk: [&hellip;]<\/p>\n","protected":false},"featured_media":9770,"comment_status":"open","ping_status":"closed","template":"","meta":[],"product_brand":[42],"product_cat":[76],"product_tag":[],"class_list":{"0":"post-9774","1":"product","2":"type-product","3":"status-publish","4":"has-post-thumbnail","6":"product_brand-tytan","7":"product_cat-genel-amacli-silikonlar","9":"first","10":"instock","11":"shipping-taxable","12":"product-type-simple"},"jetpack_sharing_enabled":true,"_links":{"self":[{"href":"http:\/\/www.assosmetal.com.tr\/public_html\/wp-json\/wp\/v2\/product\/9774","targetHints":{"allow":["GET"]}}],"collection":[{"href":"http:\/\/www.assosmetal.com.tr\/public_html\/wp-json\/wp\/v2\/product"}],"about":[{"href":"http:\/\/www.assosmetal.com.tr\/public_html\/wp-json\/wp\/v2\/types\/product"}],"replies":[{"embeddable":true,"href":"http:\/\/www.assosmetal.com.tr\/public_html\/wp-json\/wp\/v2\/comments?post=9774"}],"version-history":[{"count":2,"href":"http:\/\/www.assosmetal.com.tr\/public_html\/wp-json\/wp\/v2\/product\/9774\/revisions"}],"predecessor-version":[{"id":9778,"href":"http:\/\/www.assosmetal.com.tr\/public_html\/wp-json\/wp\/v2\/product\/9774\/revisions\/9778"}],"wp:featuredmedia":[{"embeddable":true,"href":"http:\/\/www.assosmetal.com.tr\/public_html\/wp-json\/wp\/v2\/media\/9770"}],"wp:attachment":[{"href":"http:\/\/www.assosmetal.com.tr\/public_html\/wp-json\/wp\/v2\/media?parent=9774"}],"wp:term":[{"taxonomy":"product_brand","embeddable":true,"href":"http:\/\/www.assosmetal.com.tr\/public_html\/wp-json\/wp\/v2\/product_brand?post=9774"},{"taxonomy":"product_cat","embeddable":true,"href":"http:\/\/www.assosmetal.com.tr\/public_html\/wp-json\/wp\/v2\/product_cat?post=9774"},{"taxonomy":"product_tag","embeddable":true,"href":"http:\/\/www.assosmetal.com.tr\/public_html\/wp-json\/wp\/v2\/product_tag?post=9774"}],"curies":[{"name":"wp","href":"https:\/\/api.w.org\/{rel}","templated":true}]}}