{"id":9790,"date":"2025-02-13T18:37:33","date_gmt":"2025-02-13T18:37:33","guid":{"rendered":"http:\/\/www.assosmetal.com.tr\/public_html\/?post_type=product&#038;p=9790"},"modified":"2025-02-13T18:37:34","modified_gmt":"2025-02-13T18:37:34","slug":"tytan-professional-akvaryum-silikonu-2","status":"publish","type":"product","link":"http:\/\/www.assosmetal.com.tr\/public_html\/urun\/tytan-professional-akvaryum-silikonu-2\/","title":{"rendered":"Tytan Professional Akvaryum Silikonu"},"content":{"rendered":"<p><strong>Akvaryumlar, teraryumlar ve di\u011fer cam yap\u0131lar\u0131n yap\u0131\u015ft\u0131r\u0131lmas\u0131 ve s\u0131zd\u0131rmazl\u0131\u011f\u0131 i\u00e7in \u00f6nerilen silikon.<\/strong><\/p>\n<p>&nbsp;<\/p>\n<p><strong>Ya\u015flanmaya, UV \u0131\u015f\u0131nlar\u0131na ve s\u0131cakl\u0131k de\u011fi\u015fimlerine diren\u00e7li, h\u0131zl\u0131 sertle\u015fen bir derz olu\u015fturur.<\/strong><\/p>\n<p><strong>Cam, seramik veya al\u00fcminyum gibi yayg\u0131n g\u00f6zenekli olmayan y\u00fczeylere m\u00fckemmel bir yap\u0131\u015fma sa\u011flar.<\/strong><\/p>\n<p><strong>UYGULAMALAR:<\/strong><\/p>\n<p><strong>Akvaryum ve teraryumlar\u0131n yap\u0131\u015ft\u0131r\u0131lmas\u0131 ve<\/strong><br \/>\n<strong>s\u0131zd\u0131rmazl\u0131\u011f\u0131nda<\/strong><br \/>\n<strong>Seralar i\u00e7in vitrinler, masa\u00fcst\u00fc camlar\u0131n<\/strong><br \/>\n<strong>yap\u0131\u015ft\u0131r\u0131lmas\u0131nda<\/strong><br \/>\n<strong>Cam derzlerin, \u00e7at\u0131 pencerelerinin, cam<\/strong><br \/>\n<strong>bloklar\u0131n, reklam tabelalar\u0131n\u0131n ve \u0131\u015f\u0131k kutular\u0131n\u0131n<\/strong><br \/>\n<strong>s\u0131zd\u0131rmazl\u0131\u011f\u0131nda<\/strong><br \/>\n<strong>Al\u00fcminyum ile k\u00fc\u00e7\u00fck cam elemanlar\u0131n<\/strong><br \/>\n<strong>yap\u0131\u015ft\u0131r\u0131lmas\u0131<\/strong><\/p>\n<p><strong>AVANTAJLARI:<\/strong><\/p>\n<p><strong>Y\u00fcksek yap\u0131\u015fma<\/strong><br \/>\n<strong>Hayvanlar ve bitkiler i\u00e7in g\u00fcvenli<\/strong><br \/>\n<strong>Y\u00fcksek gerilimlere kar\u015f\u0131 dayan\u0131kl\u0131<\/strong><br \/>\n<strong>Y\u00fcksek mekanik dayan\u0131m\u0131<\/strong><br \/>\n<strong>Su ge\u00e7irmez<\/strong><br \/>\n<strong>Organik solventler i\u00e7ermez<\/strong><\/p>\n<ul>\n<li>Renk: \u015feffaf<\/li>\n<li>K\u00fcrlenme sistemi: asetat<\/li>\n<li>K\u00fcrlenme oran\u0131: 3,0 mm\/ 24 saat (+23\u00b0C,50% RH)<\/li>\n<li>S\u0131cakl\u0131k dayan\u0131m\u0131: -50\u00b0C ile +180\u00b0C aras\u0131nda<\/li>\n<\/ul>\n","protected":false},"excerpt":{"rendered":"<p>Akvaryumlar, teraryumlar ve di\u011fer cam yap\u0131lar\u0131n yap\u0131\u015ft\u0131r\u0131lmas\u0131 ve s\u0131zd\u0131rmazl\u0131\u011f\u0131 i\u00e7in \u00f6nerilen silikon. &nbsp; Ya\u015flanmaya, UV \u0131\u015f\u0131nlar\u0131na ve s\u0131cakl\u0131k de\u011fi\u015fimlerine diren\u00e7li, h\u0131zl\u0131 sertle\u015fen bir derz olu\u015fturur. Cam, seramik veya al\u00fcminyum gibi yayg\u0131n g\u00f6zenekli olmayan y\u00fczeylere m\u00fckemmel bir yap\u0131\u015fma sa\u011flar. UYGULAMALAR: Akvaryum ve teraryumlar\u0131n yap\u0131\u015ft\u0131r\u0131lmas\u0131 ve s\u0131zd\u0131rmazl\u0131\u011f\u0131nda Seralar i\u00e7in vitrinler, masa\u00fcst\u00fc camlar\u0131n yap\u0131\u015ft\u0131r\u0131lmas\u0131nda Cam derzlerin, \u00e7at\u0131 pencerelerinin, [&hellip;]<\/p>\n","protected":false},"featured_media":9791,"comment_status":"open","ping_status":"closed","template":"","meta":[],"product_brand":[42],"product_cat":[55],"product_tag":[],"class_list":{"0":"post-9790","1":"product","2":"type-product","3":"status-publish","4":"has-post-thumbnail","6":"product_brand-tytan","7":"product_cat-profesyonel-silikonlar","9":"first","10":"instock","11":"shipping-taxable","12":"product-type-simple"},"jetpack_sharing_enabled":true,"_links":{"self":[{"href":"http:\/\/www.assosmetal.com.tr\/public_html\/wp-json\/wp\/v2\/product\/9790","targetHints":{"allow":["GET"]}}],"collection":[{"href":"http:\/\/www.assosmetal.com.tr\/public_html\/wp-json\/wp\/v2\/product"}],"about":[{"href":"http:\/\/www.assosmetal.com.tr\/public_html\/wp-json\/wp\/v2\/types\/product"}],"replies":[{"embeddable":true,"href":"http:\/\/www.assosmetal.com.tr\/public_html\/wp-json\/wp\/v2\/comments?post=9790"}],"version-history":[{"count":1,"href":"http:\/\/www.assosmetal.com.tr\/public_html\/wp-json\/wp\/v2\/product\/9790\/revisions"}],"predecessor-version":[{"id":9795,"href":"http:\/\/www.assosmetal.com.tr\/public_html\/wp-json\/wp\/v2\/product\/9790\/revisions\/9795"}],"wp:featuredmedia":[{"embeddable":true,"href":"http:\/\/www.assosmetal.com.tr\/public_html\/wp-json\/wp\/v2\/media\/9791"}],"wp:attachment":[{"href":"http:\/\/www.assosmetal.com.tr\/public_html\/wp-json\/wp\/v2\/media?parent=9790"}],"wp:term":[{"taxonomy":"product_brand","embeddable":true,"href":"http:\/\/www.assosmetal.com.tr\/public_html\/wp-json\/wp\/v2\/product_brand?post=9790"},{"taxonomy":"product_cat","embeddable":true,"href":"http:\/\/www.assosmetal.com.tr\/public_html\/wp-json\/wp\/v2\/product_cat?post=9790"},{"taxonomy":"product_tag","embeddable":true,"href":"http:\/\/www.assosmetal.com.tr\/public_html\/wp-json\/wp\/v2\/product_tag?post=9790"}],"curies":[{"name":"wp","href":"https:\/\/api.w.org\/{rel}","templated":true}]}}