{"id":9796,"date":"2025-02-13T18:38:57","date_gmt":"2025-02-13T18:38:57","guid":{"rendered":"http:\/\/www.assosmetal.com.tr\/public_html\/?post_type=product&#038;p=9796"},"modified":"2025-02-13T18:38:57","modified_gmt":"2025-02-13T18:38:57","slug":"tytan-professional-ayna-silikonu-2","status":"publish","type":"product","link":"http:\/\/www.assosmetal.com.tr\/public_html\/urun\/tytan-professional-ayna-silikonu-2\/","title":{"rendered":"Tytan Professional Ayna Silikonu"},"content":{"rendered":"<p><strong>Ayna montaj\u0131nda kullan\u0131lan y\u00fcksek kaliteli ve h\u0131zl\u0131 k\u00fcrle\u015fen \u015feffaf silikon.<\/strong><\/p>\n<p><strong>Hassas y\u00fczeylere zarar vermeyen \u00f6zel form\u00fcle sahiptir.<\/strong><\/p>\n<p><strong>UYGULAMALAR:<\/strong><\/p>\n<p><strong>Ayna montaj\u0131nda kullan\u0131l\u0131r<\/strong><br \/>\n<strong>Cam, al\u00fcminyum, PVC ve polikarbonatlara<\/strong><br \/>\n<strong>m\u00fckemmel yap\u0131\u015fma sa\u011flar<\/strong><\/p>\n<p><strong>AVANTAJLARI:<\/strong><\/p>\n<p><strong>Ayna s\u0131rr\u0131na zarar vermez<\/strong><br \/>\n<strong>Hasas y\u00fczeylere zarar vermez<\/strong><br \/>\n<strong>Y\u00fczeylere m\u00fckemmel yap\u0131\u015fma sa\u011flar<\/strong><br \/>\n<strong>Neme dayan\u0131kld\u0131r<\/strong><\/p>\n<ul>\n<li>Renk: \u015feffaf<\/li>\n<li>K\u00fcrlenme sistemi: n\u00f6tral<\/li>\n<li>K\u00fcrlenme oran\u0131: 3 mm \/ 24 sa<\/li>\n<li>S\u0131cakl\u0131k dayan\u0131m\u0131: -50 \u00b0C ile + 150 \u00b0C aras\u0131nda<\/li>\n<\/ul>\n","protected":false},"excerpt":{"rendered":"<p>Ayna montaj\u0131nda kullan\u0131lan y\u00fcksek kaliteli ve h\u0131zl\u0131 k\u00fcrle\u015fen \u015feffaf silikon. Hassas y\u00fczeylere zarar vermeyen \u00f6zel form\u00fcle sahiptir. UYGULAMALAR: Ayna montaj\u0131nda kullan\u0131l\u0131r Cam, al\u00fcminyum, PVC ve polikarbonatlara m\u00fckemmel yap\u0131\u015fma sa\u011flar AVANTAJLARI: Ayna s\u0131rr\u0131na zarar vermez Hasas y\u00fczeylere zarar vermez Y\u00fczeylere m\u00fckemmel yap\u0131\u015fma sa\u011flar Neme dayan\u0131kld\u0131r Renk: \u015feffaf K\u00fcrlenme sistemi: n\u00f6tral K\u00fcrlenme oran\u0131: 3 mm \/ 24 [&hellip;]<\/p>\n","protected":false},"featured_media":9792,"comment_status":"open","ping_status":"closed","template":"","meta":[],"product_brand":[42],"product_cat":[55],"product_tag":[],"class_list":{"0":"post-9796","1":"product","2":"type-product","3":"status-publish","4":"has-post-thumbnail","6":"product_brand-tytan","7":"product_cat-profesyonel-silikonlar","9":"first","10":"instock","11":"shipping-taxable","12":"product-type-simple"},"jetpack_sharing_enabled":true,"_links":{"self":[{"href":"http:\/\/www.assosmetal.com.tr\/public_html\/wp-json\/wp\/v2\/product\/9796","targetHints":{"allow":["GET"]}}],"collection":[{"href":"http:\/\/www.assosmetal.com.tr\/public_html\/wp-json\/wp\/v2\/product"}],"about":[{"href":"http:\/\/www.assosmetal.com.tr\/public_html\/wp-json\/wp\/v2\/types\/product"}],"replies":[{"embeddable":true,"href":"http:\/\/www.assosmetal.com.tr\/public_html\/wp-json\/wp\/v2\/comments?post=9796"}],"version-history":[{"count":1,"href":"http:\/\/www.assosmetal.com.tr\/public_html\/wp-json\/wp\/v2\/product\/9796\/revisions"}],"predecessor-version":[{"id":9797,"href":"http:\/\/www.assosmetal.com.tr\/public_html\/wp-json\/wp\/v2\/product\/9796\/revisions\/9797"}],"wp:featuredmedia":[{"embeddable":true,"href":"http:\/\/www.assosmetal.com.tr\/public_html\/wp-json\/wp\/v2\/media\/9792"}],"wp:attachment":[{"href":"http:\/\/www.assosmetal.com.tr\/public_html\/wp-json\/wp\/v2\/media?parent=9796"}],"wp:term":[{"taxonomy":"product_brand","embeddable":true,"href":"http:\/\/www.assosmetal.com.tr\/public_html\/wp-json\/wp\/v2\/product_brand?post=9796"},{"taxonomy":"product_cat","embeddable":true,"href":"http:\/\/www.assosmetal.com.tr\/public_html\/wp-json\/wp\/v2\/product_cat?post=9796"},{"taxonomy":"product_tag","embeddable":true,"href":"http:\/\/www.assosmetal.com.tr\/public_html\/wp-json\/wp\/v2\/product_tag?post=9796"}],"curies":[{"name":"wp","href":"https:\/\/api.w.org\/{rel}","templated":true}]}}