{"id":9800,"date":"2025-02-13T18:41:50","date_gmt":"2025-02-13T18:41:50","guid":{"rendered":"http:\/\/www.assosmetal.com.tr\/public_html\/?post_type=product&#038;p=9800"},"modified":"2025-02-13T18:41:50","modified_gmt":"2025-02-13T18:41:50","slug":"tytan-professional-gasket-rtv-isi-silikonu-2","status":"publish","type":"product","link":"http:\/\/www.assosmetal.com.tr\/public_html\/urun\/tytan-professional-gasket-rtv-isi-silikonu-2\/","title":{"rendered":"Tytan Professional Gasket RTV Is\u0131 Silikonu"},"content":{"rendered":"<p><strong>65 \u00b0C ile + 265 \u00b0C aras\u0131nda de\u011fi\u015fen d\u00fc\u015f\u00fck ve y\u00fcksek s\u0131cakl\u0131klara uzun s\u00fcre dayanmaya<\/strong><br \/>\n<strong>dayan\u0131kl\u0131 (ge\u00e7ici olarak + 315 \u00b0 C\u2019ye kadar) esnek, h\u0131zl\u0131 k\u00fcrlenen silikon.<\/strong><\/p>\n<p><strong>UV radyasyonuna diren\u00e7li, kal\u0131c\u0131 b\u00fcz\u00fclmeyen bir ba\u011f olu\u015fturur. Gaz ve su ge\u00e7irmezdir.<\/strong><\/p>\n<p><strong>UYGULAMALAR:<\/strong><br \/>\n<strong>Otomotiv, end\u00fcstriyel ve deniz motorlar\u0131 i\u00e7in<\/strong><br \/>\n<strong>yerinde contalar olu\u015fturuldu: ya\u011f tavalar\u0131, su<\/strong><br \/>\n<strong>pompalar\u0131, vana kapaklar\u0131, triger di\u015flisi kapaklar\u0131,termostat g\u00f6vdesi<\/strong><br \/>\n<strong>Duman ve havaland\u0131rma kanallar\u0131n\u0131n baca elemanlar\u0131n\u0131n kapat\u0131lmas\u0131<\/strong><br \/>\n<strong>Y\u00fcksek ve d\u00fc\u015f\u00fck s\u0131cakl\u0131\u011fa maruz kalan s\u0131zd\u0131rmazl\u0131k elemanlar\u0131; so\u011futma teknoloji gibi<\/strong><\/p>\n<p><strong>AVANTAJLARI:<\/strong><\/p>\n<p><strong>Ya\u011fa ve grese dayan\u0131kl\u0131<\/strong><br \/>\n<strong>H\u0131zl\u0131 k\u00fcrlenme<\/strong><br \/>\n<strong>Cam, seramik, ah\u015fap, al\u00fcminyum ve metallere m\u00fckemmel yap\u0131\u015fma<\/strong><br \/>\n<strong>Esnek, b\u00fcz\u00fclmeyen bir derz olu\u015fturur<\/strong><\/p>\n<ul>\n<li>Renk: k\u0131rm\u0131z\u0131<\/li>\n<li>K\u00fcrlenme sistemi: asetat<\/li>\n<li>K\u00fcrlenme oran\u0131: 2,0\u20133,0 mm\/ 24 saat (+23\u00b0C, 50% RH)<\/li>\n<li>S\u0131cakl\u0131k dayan\u0131m\u0131: -65\u00b0C ile +265\u00b0C aras\u0131nda<\/li>\n<li>S\u0131cakl\u0131\u011fa kar\u015f\u0131 ge\u00e7ici diren\u00e7: +315\u00b0C\u2019ye kadar<\/li>\n<\/ul>\n","protected":false},"excerpt":{"rendered":"<p>65 \u00b0C ile + 265 \u00b0C aras\u0131nda de\u011fi\u015fen d\u00fc\u015f\u00fck ve y\u00fcksek s\u0131cakl\u0131klara uzun s\u00fcre dayanmaya dayan\u0131kl\u0131 (ge\u00e7ici olarak + 315 \u00b0 C\u2019ye kadar) esnek, h\u0131zl\u0131 k\u00fcrlenen silikon. UV radyasyonuna diren\u00e7li, kal\u0131c\u0131 b\u00fcz\u00fclmeyen bir ba\u011f olu\u015fturur. Gaz ve su ge\u00e7irmezdir. UYGULAMALAR: Otomotiv, end\u00fcstriyel ve deniz motorlar\u0131 i\u00e7in yerinde contalar olu\u015fturuldu: ya\u011f tavalar\u0131, su pompalar\u0131, vana kapaklar\u0131, [&hellip;]<\/p>\n","protected":false},"featured_media":9794,"comment_status":"open","ping_status":"closed","template":"","meta":[],"product_brand":[42],"product_cat":[55],"product_tag":[],"class_list":{"0":"post-9800","1":"product","2":"type-product","3":"status-publish","4":"has-post-thumbnail","6":"product_brand-tytan","7":"product_cat-profesyonel-silikonlar","9":"first","10":"instock","11":"shipping-taxable","12":"product-type-simple"},"jetpack_sharing_enabled":true,"_links":{"self":[{"href":"http:\/\/www.assosmetal.com.tr\/public_html\/wp-json\/wp\/v2\/product\/9800","targetHints":{"allow":["GET"]}}],"collection":[{"href":"http:\/\/www.assosmetal.com.tr\/public_html\/wp-json\/wp\/v2\/product"}],"about":[{"href":"http:\/\/www.assosmetal.com.tr\/public_html\/wp-json\/wp\/v2\/types\/product"}],"replies":[{"embeddable":true,"href":"http:\/\/www.assosmetal.com.tr\/public_html\/wp-json\/wp\/v2\/comments?post=9800"}],"version-history":[{"count":1,"href":"http:\/\/www.assosmetal.com.tr\/public_html\/wp-json\/wp\/v2\/product\/9800\/revisions"}],"predecessor-version":[{"id":9801,"href":"http:\/\/www.assosmetal.com.tr\/public_html\/wp-json\/wp\/v2\/product\/9800\/revisions\/9801"}],"wp:featuredmedia":[{"embeddable":true,"href":"http:\/\/www.assosmetal.com.tr\/public_html\/wp-json\/wp\/v2\/media\/9794"}],"wp:attachment":[{"href":"http:\/\/www.assosmetal.com.tr\/public_html\/wp-json\/wp\/v2\/media?parent=9800"}],"wp:term":[{"taxonomy":"product_brand","embeddable":true,"href":"http:\/\/www.assosmetal.com.tr\/public_html\/wp-json\/wp\/v2\/product_brand?post=9800"},{"taxonomy":"product_cat","embeddable":true,"href":"http:\/\/www.assosmetal.com.tr\/public_html\/wp-json\/wp\/v2\/product_cat?post=9800"},{"taxonomy":"product_tag","embeddable":true,"href":"http:\/\/www.assosmetal.com.tr\/public_html\/wp-json\/wp\/v2\/product_tag?post=9800"}],"curies":[{"name":"wp","href":"https:\/\/api.w.org\/{rel}","templated":true}]}}