{"id":9828,"date":"2025-02-13T19:02:18","date_gmt":"2025-02-13T19:02:18","guid":{"rendered":"http:\/\/www.assosmetal.com.tr\/public_html\/?post_type=product&#038;p=9828"},"modified":"2025-02-13T19:02:18","modified_gmt":"2025-02-13T19:02:18","slug":"saft-kapak-pano-kilidi-90-mm-ucgen-anahtarli","status":"publish","type":"product","link":"http:\/\/www.assosmetal.com.tr\/public_html\/urun\/saft-kapak-pano-kilidi-90-mm-ucgen-anahtarli\/","title":{"rendered":"\u015eaft Kapak Pano Kilidi 90 MM \u00dc\u00e7gen Anahtarl\u0131"},"content":{"rendered":"<p><strong>Elektrik Panolar\u0131<\/strong><\/p>\n<p><strong>Makine Kapaklar\u0131<\/strong><\/p>\n<p><strong>Ah\u015fap ve \u0130zolasyonlu Kapaklar<\/strong><\/p>\n<ul>\n<li>G\u00f6vde: Zamak<\/li>\n<li>DIN-EN 1774-ZnAl4Cu1<\/li>\n<li>Dil (CC):\u00c7elik<\/li>\n<\/ul>\n","protected":false},"excerpt":{"rendered":"<p>Elektrik Panolar\u0131 Makine Kapaklar\u0131 Ah\u015fap ve \u0130zolasyonlu Kapaklar G\u00f6vde: Zamak DIN-EN 1774-ZnAl4Cu1 Dil (CC):\u00c7elik<\/p>\n","protected":false},"featured_media":9811,"comment_status":"open","ping_status":"closed","template":"","meta":[],"product_brand":[47],"product_cat":[78],"product_tag":[],"class_list":{"0":"post-9828","1":"product","2":"type-product","3":"status-publish","4":"has-post-thumbnail","6":"product_brand-assos","7":"product_cat-saft-kapak-pano-kilitleri","9":"first","10":"instock","11":"shipping-taxable","12":"product-type-simple"},"jetpack_sharing_enabled":true,"_links":{"self":[{"href":"http:\/\/www.assosmetal.com.tr\/public_html\/wp-json\/wp\/v2\/product\/9828","targetHints":{"allow":["GET"]}}],"collection":[{"href":"http:\/\/www.assosmetal.com.tr\/public_html\/wp-json\/wp\/v2\/product"}],"about":[{"href":"http:\/\/www.assosmetal.com.tr\/public_html\/wp-json\/wp\/v2\/types\/product"}],"replies":[{"embeddable":true,"href":"http:\/\/www.assosmetal.com.tr\/public_html\/wp-json\/wp\/v2\/comments?post=9828"}],"version-history":[{"count":1,"href":"http:\/\/www.assosmetal.com.tr\/public_html\/wp-json\/wp\/v2\/product\/9828\/revisions"}],"predecessor-version":[{"id":9829,"href":"http:\/\/www.assosmetal.com.tr\/public_html\/wp-json\/wp\/v2\/product\/9828\/revisions\/9829"}],"wp:featuredmedia":[{"embeddable":true,"href":"http:\/\/www.assosmetal.com.tr\/public_html\/wp-json\/wp\/v2\/media\/9811"}],"wp:attachment":[{"href":"http:\/\/www.assosmetal.com.tr\/public_html\/wp-json\/wp\/v2\/media?parent=9828"}],"wp:term":[{"taxonomy":"product_brand","embeddable":true,"href":"http:\/\/www.assosmetal.com.tr\/public_html\/wp-json\/wp\/v2\/product_brand?post=9828"},{"taxonomy":"product_cat","embeddable":true,"href":"http:\/\/www.assosmetal.com.tr\/public_html\/wp-json\/wp\/v2\/product_cat?post=9828"},{"taxonomy":"product_tag","embeddable":true,"href":"http:\/\/www.assosmetal.com.tr\/public_html\/wp-json\/wp\/v2\/product_tag?post=9828"}],"curies":[{"name":"wp","href":"https:\/\/api.w.org\/{rel}","templated":true}]}}