{"id":9902,"date":"2025-02-14T09:36:44","date_gmt":"2025-02-14T09:36:44","guid":{"rendered":"http:\/\/www.assosmetal.com.tr\/public_html\/?post_type=product&#038;p=9902"},"modified":"2025-02-19T17:17:24","modified_gmt":"2025-02-19T17:17:24","slug":"kumru-tokmak","status":"publish","type":"product","link":"http:\/\/www.assosmetal.com.tr\/public_html\/urun\/kumru-tokmak\/","title":{"rendered":"Kumru Tokmak"},"content":{"rendered":"<ul>\n<li>\n<h3><strong>Daire Giri\u015f Kap\u0131lar\u0131<\/strong><\/h3>\n<\/li>\n<li>\n<h3><strong>Bina Giri\u015f Kap\u0131lar\u0131<\/strong><\/h3>\n<\/li>\n<li>\n<h3><strong>Villa Kap\u0131lar\u0131<\/strong><\/h3>\n<\/li>\n<\/ul>\n","protected":false},"excerpt":{"rendered":"<p>Daire Giri\u015f Kap\u0131lar\u0131 Bina Giri\u015f Kap\u0131lar\u0131 Villa Kap\u0131lar\u0131<\/p>\n","protected":false},"featured_media":9855,"comment_status":"open","ping_status":"closed","template":"","meta":[],"product_brand":[47],"product_cat":[82],"product_tag":[],"class_list":{"0":"post-9902","1":"product","2":"type-product","3":"status-publish","4":"has-post-thumbnail","6":"product_brand-assos","7":"product_cat-kapi-cekme-kollari","9":"first","10":"instock","11":"shipping-taxable","12":"product-type-simple"},"jetpack_sharing_enabled":true,"_links":{"self":[{"href":"http:\/\/www.assosmetal.com.tr\/public_html\/wp-json\/wp\/v2\/product\/9902","targetHints":{"allow":["GET"]}}],"collection":[{"href":"http:\/\/www.assosmetal.com.tr\/public_html\/wp-json\/wp\/v2\/product"}],"about":[{"href":"http:\/\/www.assosmetal.com.tr\/public_html\/wp-json\/wp\/v2\/types\/product"}],"replies":[{"embeddable":true,"href":"http:\/\/www.assosmetal.com.tr\/public_html\/wp-json\/wp\/v2\/comments?post=9902"}],"version-history":[{"count":1,"href":"http:\/\/www.assosmetal.com.tr\/public_html\/wp-json\/wp\/v2\/product\/9902\/revisions"}],"predecessor-version":[{"id":9903,"href":"http:\/\/www.assosmetal.com.tr\/public_html\/wp-json\/wp\/v2\/product\/9902\/revisions\/9903"}],"wp:featuredmedia":[{"embeddable":true,"href":"http:\/\/www.assosmetal.com.tr\/public_html\/wp-json\/wp\/v2\/media\/9855"}],"wp:attachment":[{"href":"http:\/\/www.assosmetal.com.tr\/public_html\/wp-json\/wp\/v2\/media?parent=9902"}],"wp:term":[{"taxonomy":"product_brand","embeddable":true,"href":"http:\/\/www.assosmetal.com.tr\/public_html\/wp-json\/wp\/v2\/product_brand?post=9902"},{"taxonomy":"product_cat","embeddable":true,"href":"http:\/\/www.assosmetal.com.tr\/public_html\/wp-json\/wp\/v2\/product_cat?post=9902"},{"taxonomy":"product_tag","embeddable":true,"href":"http:\/\/www.assosmetal.com.tr\/public_html\/wp-json\/wp\/v2\/product_tag?post=9902"}],"curies":[{"name":"wp","href":"https:\/\/api.w.org\/{rel}","templated":true}]}}