{"id":9974,"date":"2025-02-14T10:24:49","date_gmt":"2025-02-14T10:24:49","guid":{"rendered":"http:\/\/www.assosmetal.com.tr\/public_html\/?post_type=product&#038;p=9974"},"modified":"2025-02-14T10:24:49","modified_gmt":"2025-02-14T10:24:49","slug":"klasik-celik-rozet","status":"publish","type":"product","link":"http:\/\/www.assosmetal.com.tr\/public_html\/urun\/klasik-celik-rozet\/","title":{"rendered":"Klasik \u00c7elik Rozet"},"content":{"rendered":"<ul>\n<li>Daire Giri\u015f Kap\u0131lar\u0131<\/li>\n<li>Bina Giri\u015f Kap\u0131lar\u0131<\/li>\n<li>Villa Kap\u0131lar\u0131<\/li>\n<\/ul>\n","protected":false},"excerpt":{"rendered":"<p>Daire Giri\u015f Kap\u0131lar\u0131 Bina Giri\u015f Kap\u0131lar\u0131 Villa Kap\u0131lar\u0131<\/p>\n","protected":false},"featured_media":9966,"comment_status":"open","ping_status":"closed","template":"","meta":[],"product_brand":[47],"product_cat":[73],"product_tag":[],"class_list":{"0":"post-9974","1":"product","2":"type-product","3":"status-publish","4":"has-post-thumbnail","6":"product_brand-assos","7":"product_cat-kapi-aksesuarlari","9":"first","10":"instock","11":"shipping-taxable","12":"product-type-simple"},"jetpack_sharing_enabled":true,"_links":{"self":[{"href":"http:\/\/www.assosmetal.com.tr\/public_html\/wp-json\/wp\/v2\/product\/9974","targetHints":{"allow":["GET"]}}],"collection":[{"href":"http:\/\/www.assosmetal.com.tr\/public_html\/wp-json\/wp\/v2\/product"}],"about":[{"href":"http:\/\/www.assosmetal.com.tr\/public_html\/wp-json\/wp\/v2\/types\/product"}],"replies":[{"embeddable":true,"href":"http:\/\/www.assosmetal.com.tr\/public_html\/wp-json\/wp\/v2\/comments?post=9974"}],"version-history":[{"count":1,"href":"http:\/\/www.assosmetal.com.tr\/public_html\/wp-json\/wp\/v2\/product\/9974\/revisions"}],"predecessor-version":[{"id":9975,"href":"http:\/\/www.assosmetal.com.tr\/public_html\/wp-json\/wp\/v2\/product\/9974\/revisions\/9975"}],"wp:featuredmedia":[{"embeddable":true,"href":"http:\/\/www.assosmetal.com.tr\/public_html\/wp-json\/wp\/v2\/media\/9966"}],"wp:attachment":[{"href":"http:\/\/www.assosmetal.com.tr\/public_html\/wp-json\/wp\/v2\/media?parent=9974"}],"wp:term":[{"taxonomy":"product_brand","embeddable":true,"href":"http:\/\/www.assosmetal.com.tr\/public_html\/wp-json\/wp\/v2\/product_brand?post=9974"},{"taxonomy":"product_cat","embeddable":true,"href":"http:\/\/www.assosmetal.com.tr\/public_html\/wp-json\/wp\/v2\/product_cat?post=9974"},{"taxonomy":"product_tag","embeddable":true,"href":"http:\/\/www.assosmetal.com.tr\/public_html\/wp-json\/wp\/v2\/product_tag?post=9974"}],"curies":[{"name":"wp","href":"https:\/\/api.w.org\/{rel}","templated":true}]}}