{"id":9990,"date":"2025-02-14T10:43:53","date_gmt":"2025-02-14T10:43:53","guid":{"rendered":"http:\/\/www.assosmetal.com.tr\/public_html\/?post_type=product&#038;p=9990"},"modified":"2025-02-14T10:43:53","modified_gmt":"2025-02-14T10:43:53","slug":"celik-kapi-gomme-surgu","status":"publish","type":"product","link":"http:\/\/www.assosmetal.com.tr\/public_html\/urun\/celik-kapi-gomme-surgu\/","title":{"rendered":"\u00c7elik Kap\u0131 G\u00f6mme S\u00fcrg\u00fc"},"content":{"rendered":"<ul>\n<li><strong>Daire Giri\u015f Kap\u0131lar\u0131<\/strong><\/li>\n<li><strong>Bina Giri\u015f Kap\u0131lar\u0131<\/strong><\/li>\n<li><strong>Villa Kap\u0131lar\u0131<\/strong><\/li>\n<\/ul>\n","protected":false},"excerpt":{"rendered":"<p>Daire Giri\u015f Kap\u0131lar\u0131 Bina Giri\u015f Kap\u0131lar\u0131 Villa Kap\u0131lar\u0131<\/p>\n","protected":false},"featured_media":9958,"comment_status":"open","ping_status":"closed","template":"","meta":[],"product_brand":[47],"product_cat":[73],"product_tag":[],"class_list":{"0":"post-9990","1":"product","2":"type-product","3":"status-publish","4":"has-post-thumbnail","6":"product_brand-assos","7":"product_cat-kapi-aksesuarlari","9":"first","10":"instock","11":"shipping-taxable","12":"product-type-simple"},"jetpack_sharing_enabled":true,"_links":{"self":[{"href":"http:\/\/www.assosmetal.com.tr\/public_html\/wp-json\/wp\/v2\/product\/9990","targetHints":{"allow":["GET"]}}],"collection":[{"href":"http:\/\/www.assosmetal.com.tr\/public_html\/wp-json\/wp\/v2\/product"}],"about":[{"href":"http:\/\/www.assosmetal.com.tr\/public_html\/wp-json\/wp\/v2\/types\/product"}],"replies":[{"embeddable":true,"href":"http:\/\/www.assosmetal.com.tr\/public_html\/wp-json\/wp\/v2\/comments?post=9990"}],"version-history":[{"count":1,"href":"http:\/\/www.assosmetal.com.tr\/public_html\/wp-json\/wp\/v2\/product\/9990\/revisions"}],"predecessor-version":[{"id":9991,"href":"http:\/\/www.assosmetal.com.tr\/public_html\/wp-json\/wp\/v2\/product\/9990\/revisions\/9991"}],"wp:featuredmedia":[{"embeddable":true,"href":"http:\/\/www.assosmetal.com.tr\/public_html\/wp-json\/wp\/v2\/media\/9958"}],"wp:attachment":[{"href":"http:\/\/www.assosmetal.com.tr\/public_html\/wp-json\/wp\/v2\/media?parent=9990"}],"wp:term":[{"taxonomy":"product_brand","embeddable":true,"href":"http:\/\/www.assosmetal.com.tr\/public_html\/wp-json\/wp\/v2\/product_brand?post=9990"},{"taxonomy":"product_cat","embeddable":true,"href":"http:\/\/www.assosmetal.com.tr\/public_html\/wp-json\/wp\/v2\/product_cat?post=9990"},{"taxonomy":"product_tag","embeddable":true,"href":"http:\/\/www.assosmetal.com.tr\/public_html\/wp-json\/wp\/v2\/product_tag?post=9990"}],"curies":[{"name":"wp","href":"https:\/\/api.w.org\/{rel}","templated":true}]}}